{"id":443,"date":"2024-10-09T13:55:22","date_gmt":"2024-10-09T13:55:22","guid":{"rendered":"https:\/\/baselinkhosting.nl\/zuurstofplanten\/?page_id=443"},"modified":"2025-07-07T11:27:06","modified_gmt":"2025-07-07T11:27:06","slug":"krabbescheer","status":"publish","type":"page","link":"https:\/\/www.zuurstofplanten.net\/de\/drijfplanten\/krabbescheer\/","title":{"rendered":"Krabbenfischer"},"content":{"rendered":"<div data-elementor-type=\"wp-page\" data-elementor-id=\"443\" class=\"elementor elementor-443\" data-elementor-post-type=\"page\">\n\t\t\t\t<div class=\"elementor-element elementor-element-b9013e7 e-flex e-con-boxed e-con e-parent\" data-id=\"b9013e7\" data-element_type=\"container\" data-e-type=\"container\" data-settings=\"{&quot;background_background&quot;:&quot;classic&quot;}\">\n\t\t\t\t\t<div class=\"e-con-inner\">\n\t\t\t\t<div class=\"elementor-element elementor-element-9a258fa elementor-widget elementor-widget-heading\" data-id=\"9a258fa\" data-element_type=\"widget\" data-e-type=\"widget\" data-widget_type=\"heading.default\">\n\t\t\t\t<div class=\"elementor-widget-container\">\n\t\t\t\t\t<h1 class=\"elementor-heading-title elementor-size-default\">Krabbenfischer<\/h1>\t\t\t\t<\/div>\n\t\t\t\t<\/div>\n\t\t\t\t<div class=\"elementor-element elementor-element-7e1d48b elementor-widget elementor-widget-breadcrumbs\" data-id=\"7e1d48b\" data-element_type=\"widget\" data-e-type=\"widget\" data-widget_type=\"breadcrumbs.default\">\n\t\t\t\t<div class=\"elementor-widget-container\">\n\t\t\t\t\t<p id=\"breadcrumbs\"><span><span><a href=\"https:\/\/www.zuurstofplanten.net\/de\/\">Startseite<\/a><\/span><\/span><\/p>\t\t\t\t<\/div>\n\t\t\t\t<\/div>\n\t\t\t\t\t<\/div>\n\t\t\t\t<\/div>\n\t\t<div class=\"elementor-element elementor-element-8500b4b e-flex e-con-boxed e-con e-parent\" data-id=\"8500b4b\" data-element_type=\"container\" data-e-type=\"container\">\n\t\t\t\t\t<div class=\"e-con-inner\">\n\t\t\t\t<div class=\"elementor-element elementor-element-f5cf97e elementor-widget elementor-widget-heading\" data-id=\"f5cf97e\" data-element_type=\"widget\" data-e-type=\"widget\" data-widget_type=\"heading.default\">\n\t\t\t\t<div class=\"elementor-widget-container\">\n\t\t\t\t\t<h2 class=\"elementor-heading-title elementor-size-default\">Krabbe Krabbe. Schwimmende Sauerstoffpflanze mit guten Eigenschaften.<\/h2>\t\t\t\t<\/div>\n\t\t\t\t<\/div>\n\t\t<div class=\"elementor-element elementor-element-297bfcb e-grid e-con-full e-con e-child\" data-id=\"297bfcb\" data-element_type=\"container\" data-e-type=\"container\">\n\t\t\t\t<div class=\"elementor-element elementor-element-831598b elementor-widget elementor-widget-text-editor\" data-id=\"831598b\" data-element_type=\"widget\" data-e-type=\"widget\" data-widget_type=\"text-editor.default\">\n\t\t\t\t<div class=\"elementor-widget-container\">\n\t\t\t\t\t\t\t\t\t<p>Dies ist eine Teichpflanze, die man nicht sehr oft zu Gesicht bekommt. Das ist schade, denn diese schwimmende Sauerstoffpflanze hat einige besonders gute Eigenschaften! Der Krabbenapfel sieht ein bisschen aus wie eine Yucca. Er hat gezackte, schwertf\u00f6rmige Bl\u00e4tter, die teils unter, teils \u00fcber Wasser wachsen und bis zu 50 cm lang werden k\u00f6nnen. Dank dieser gezackten Bl\u00e4tter, die in einer Rosette wachsen, bietet diese Wasserpflanze Unterschlupf f\u00fcr Amphibien und Fische. Wie <strong><a href=\"https:\/\/www.zuurstofplanten.net\/de\/zuurstof-planten\/fijn-hoornblad\/\">Hornblatt<\/a> <\/strong>Diese Pflanze bietet auch Schutz f\u00fcr junge Fische und Fr\u00f6sche.<\/p><p>Im Teich hat die Krabbe einige gro\u00dfe Vorteile. Die Pflanze ist allelopathisch. Sie sondert einen Stoff ab, der das Wachstum von Schwebealgen hemmt. Au\u00dferdem w\u00e4chst sie schnell und entnimmt die f\u00fcr ihr Wachstum ben\u00f6tigten N\u00e4hrstoffe direkt aus der Wassers\u00e4ule. Dadurch konkurriert sie zus\u00e4tzlich mit den Schwebealgen in Ihrem Teich. Da diese Schwimmpflanze auch das Sonnenlicht blockiert, haben die Algen einen weiteren starken Konkurrenten! Bekannte Sauerstoffpflanzen wie <strong><a href=\"https:\/\/www.zuurstofplanten.net\/de\/zuurstof-planten\/waterpest\/\">Wassergras<\/a><\/strong> sind f\u00fcr diese algenhemmende Wirkung bekannt. Der Vorteil der gezackten Bl\u00e4tter ist, dass Crabber von Koi und anderen karpfenartigen Lebewesen meist in Ruhe gelassen wird.<\/p><p>Ein Plus ist nat\u00fcrlich der h\u00fcbsche Bl\u00fctenstand mit seinen wei\u00dfen Bl\u00fcten.<\/p>\t\t\t\t\t\t\t\t<\/div>\n\t\t\t\t<\/div>\n\t\t\t\t<div class=\"elementor-element elementor-element-d17b7ef elementor-widget elementor-widget-image\" data-id=\"d17b7ef\" data-element_type=\"widget\" data-e-type=\"widget\" data-widget_type=\"image.default\">\n\t\t\t\t<div class=\"elementor-widget-container\">\n\t\t\t\t\t\t\t\t\t\t\t\t\t\t\t<img fetchpriority=\"high\" decoding=\"async\" width=\"650\" height=\"487\" src=\"https:\/\/www.zuurstofplanten.net\/wp-content\/uploads\/2024\/10\/krabbescheer0.jpg\" class=\"attachment-full size-full wp-image-182\" alt=\"\" srcset=\"https:\/\/www.zuurstofplanten.net\/wp-content\/uploads\/2024\/10\/krabbescheer0.jpg 650w, https:\/\/www.zuurstofplanten.net\/wp-content\/uploads\/2024\/10\/krabbescheer0-300x225.jpg 300w\" sizes=\"(max-width: 650px) 100vw, 650px\" \/>\t\t\t\t\t\t\t\t\t\t\t\t\t\t\t<\/div>\n\t\t\t\t<\/div>\n\t\t\t\t<\/div>\n\t\t\t\t<div class=\"elementor-element elementor-element-7e1ce05 elementor-widget elementor-widget-heading\" data-id=\"7e1ce05\" data-element_type=\"widget\" data-e-type=\"widget\" data-widget_type=\"heading.default\">\n\t\t\t\t<div class=\"elementor-widget-container\">\n\t\t\t\t\t<h3 class=\"elementor-heading-title elementor-size-default\">Krabbler in den Niederlanden und Belgien<\/h3>\t\t\t\t<\/div>\n\t\t\t\t<\/div>\n\t\t\t\t<div class=\"elementor-element elementor-element-01a4b55 elementor-widget elementor-widget-text-editor\" data-id=\"01a4b55\" data-element_type=\"widget\" data-e-type=\"widget\" data-widget_type=\"text-editor.default\">\n\t\t\t\t<div class=\"elementor-widget-container\">\n\t\t\t\t\t\t\t\t\t<p>Das Krabbescheer ist eine in den Niederlanden und Belgien heimische Pflanze. Da sie in sauberen, nicht zu n\u00e4hrstoffreichen Gr\u00e4ben w\u00e4chst und empfindlich auf Umweltverschmutzung reagiert, hat diese Pflanze in den letzten Jahrzehnten stark gelitten.<\/p><p>Das liegt \u00fcbrigens nicht an der Wachstumsrate. Da sich diese Pflanze vegetativ vermehrt, kann ein geeigneter Graben in einer einzigen Saison voll werden! Diese vegetative Vermehrung ist \u00fcbrigens ein sch\u00f6ner Anblick: Jede Pflanze tr\u00e4gt dann ein oder zwei kleine Crabapple-Sch\u00e4del mit sich.<\/p><p>Im Sp\u00e4therbst sinken die Pflanzen auf den Boden, wo sie den Winter \u00fcber bleiben, bevor sie im Fr\u00fchjahr wieder an die Oberfl\u00e4che kommen und weiter wachsen.<\/p>\t\t\t\t\t\t\t\t<\/div>\n\t\t\t\t<\/div>\n\t\t\t\t<div class=\"elementor-element elementor-element-211d6d8 elementor-cta--skin-classic elementor-animated-content elementor-bg-transform elementor-bg-transform-zoom-in elementor-widget elementor-widget-call-to-action\" data-id=\"211d6d8\" data-element_type=\"widget\" data-e-type=\"widget\" data-widget_type=\"call-to-action.default\">\n\t\t\t\t<div class=\"elementor-widget-container\">\n\t\t\t\t\t\t\t<a class=\"elementor-cta\" href=\"https:\/\/vijvermeester.nl\/krabbescheer.html?utm_source=affiliate&#038;utm_medium=partner&#038;utm_campaign=zuurstofplanten_net&#038;utm_content=krabbescheer\" rel=\"nofollow\">\n\t\t\t\t\t<div class=\"elementor-cta__bg-wrapper\">\n\t\t\t\t<div class=\"elementor-cta__bg elementor-bg\" style=\"background-image: url(https:\/\/www.zuurstofplanten.net\/wp-content\/uploads\/2024\/10\/Krabbescheer-1024x767-1-1.jpg);\" role=\"img\" aria-label=\"Krabbescheer-1024x767-1\"><\/div>\n\t\t\t\t<div class=\"elementor-cta__bg-overlay\"><\/div>\n\t\t\t<\/div>\n\t\t\t\t\t\t\t<div class=\"elementor-cta__content\">\n\t\t\t\t\n\t\t\t\t\t\t\t\t\t<h2 class=\"elementor-cta__title elementor-cta__content-item elementor-content-item\">\n\t\t\t\t\t\tKrabbenfischer kaufen?\t\t\t\t\t<\/h2>\n\t\t\t\t\n\t\t\t\t\t\t\t\t\t<div class=\"elementor-cta__description elementor-cta__content-item elementor-content-item\">\n\t\t\t\t\t\tDie Schwimmpflanzen sind \u00fcber den Webshop von De Vijvermeester zu verkaufen. Hier k\u00f6nnen Sie sch\u00f6ne Str\u00e4u\u00dfe von hoher Qualit\u00e4t finden.\t\t\t\t\t<\/div>\n\t\t\t\t\n\t\t\t\t\t\t\t\t\t<div class=\"elementor-cta__button-wrapper elementor-cta__content-item elementor-content-item\">\n\t\t\t\t\t<span class=\"elementor-cta__button elementor-button elementor-size-\">\n\t\t\t\t\t\tKrabbenfischer kaufen\t\t\t\t\t<\/span>\n\t\t\t\t\t<\/div>\n\t\t\t\t\t\t\t<\/div>\n\t\t\t\t\t\t<\/a>\n\t\t\t\t\t\t<\/div>\n\t\t\t\t<\/div>\n\t\t\t\t\t<\/div>\n\t\t\t\t<\/div>\n\t\t\t\t<\/div>","protected":false},"excerpt":{"rendered":"<p>Krabbenb\u00e4r Krabbenb\u00e4r. Eine schwimmende Sauerstoffpflanze mit guten Eigenschaften. Dies ist eine Teichpflanze, die man nicht oft zu Gesicht bekommt. Das ist schade, denn diese schwimmende Sauerstoffpflanze hat einige besonders gute Eigenschaften! Crabber sieht ein bisschen aus wie eine Yucca; sie hat gez\u00e4hnte, schwertf\u00f6rmige Bl\u00e4tter, die teils unter, teils \u00fcber Wasser wachsen und bis zu 50 cm lang werden k\u00f6nnen [...].<\/p>","protected":false},"author":4,"featured_media":0,"parent":449,"menu_order":0,"comment_status":"closed","ping_status":"closed","template":"","meta":{"_acf_changed":false,"iawp_total_views":1166,"footnotes":""},"class_list":["post-443","page","type-page","status-publish","hentry"],"acf":[],"yoast_head":"<!-- This site is optimized with the Yoast SEO plugin v25.5 - https:\/\/yoast.com\/wordpress\/plugins\/seo\/ -->\n<title>Krabbescheer | Planten, Onderhoud &amp; Advies | Zuurstofplanten.net<\/title>\n<meta name=\"description\" content=\"Krabbescheer is een zeer leuke vijverplant, welke goed werkt tegen algen. Daarnaast is het een schuilplaatst voor amfibie\u00ebn en insecten.\" \/>\n<meta name=\"robots\" content=\"index, follow, max-snippet:-1, max-image-preview:large, max-video-preview:-1\" \/>\n<link rel=\"canonical\" href=\"https:\/\/www.zuurstofplanten.net\/de\/drijfplanten\/krabbescheer\/\" \/>\n<meta property=\"og:locale\" content=\"de_DE\" \/>\n<meta property=\"og:type\" content=\"article\" \/>\n<meta property=\"og:title\" content=\"Krabbescheer | Planten, Onderhoud &amp; Advies | Zuurstofplanten.net\" \/>\n<meta property=\"og:description\" content=\"Krabbescheer is een zeer leuke vijverplant, welke goed werkt tegen algen. Daarnaast is het een schuilplaatst voor amfibie\u00ebn en insecten.\" \/>\n<meta property=\"og:url\" content=\"https:\/\/www.zuurstofplanten.net\/de\/drijfplanten\/krabbescheer\/\" \/>\n<meta property=\"og:site_name\" content=\"Zuurstofplanten.net\" \/>\n<meta property=\"article:modified_time\" content=\"2025-07-07T11:27:06+00:00\" \/>\n<meta property=\"og:image\" content=\"https:\/\/www.zuurstofplanten.net\/wp-content\/uploads\/2024\/10\/krabbescheer0.jpg\" \/>\n\t<meta property=\"og:image:width\" content=\"650\" \/>\n\t<meta property=\"og:image:height\" content=\"487\" \/>\n\t<meta property=\"og:image:type\" content=\"image\/jpeg\" \/>\n<meta name=\"twitter:card\" content=\"summary_large_image\" \/>\n<meta name=\"twitter:label1\" content=\"Gesch\u00e4tzte Lesezeit\" \/>\n\t<meta name=\"twitter:data1\" content=\"2\u00a0Minuten\" \/>\n<script type=\"application\/ld+json\" class=\"yoast-schema-graph\">{\"@context\":\"https:\/\/schema.org\",\"@graph\":[{\"@type\":\"WebPage\",\"@id\":\"https:\/\/www.zuurstofplanten.net\/drijfplanten\/krabbescheer\/\",\"url\":\"https:\/\/www.zuurstofplanten.net\/drijfplanten\/krabbescheer\/\",\"name\":\"Krabbescheer | Planten, Onderhoud & Advies | Zuurstofplanten.net\",\"isPartOf\":{\"@id\":\"https:\/\/www.zuurstofplanten.net\/#website\"},\"primaryImageOfPage\":{\"@id\":\"https:\/\/www.zuurstofplanten.net\/drijfplanten\/krabbescheer\/#primaryimage\"},\"image\":{\"@id\":\"https:\/\/www.zuurstofplanten.net\/drijfplanten\/krabbescheer\/#primaryimage\"},\"thumbnailUrl\":\"https:\/\/www.zuurstofplanten.net\/wp-content\/uploads\/2024\/10\/krabbescheer0.jpg\",\"datePublished\":\"2024-10-09T13:55:22+00:00\",\"dateModified\":\"2025-07-07T11:27:06+00:00\",\"description\":\"Krabbescheer is een zeer leuke vijverplant, welke goed werkt tegen algen. Daarnaast is het een schuilplaatst voor amfibie\u00ebn en insecten.\",\"breadcrumb\":{\"@id\":\"https:\/\/www.zuurstofplanten.net\/drijfplanten\/krabbescheer\/#breadcrumb\"},\"inLanguage\":\"de\",\"potentialAction\":[{\"@type\":\"ReadAction\",\"target\":[\"https:\/\/www.zuurstofplanten.net\/drijfplanten\/krabbescheer\/\"]}]},{\"@type\":\"ImageObject\",\"inLanguage\":\"de\",\"@id\":\"https:\/\/www.zuurstofplanten.net\/drijfplanten\/krabbescheer\/#primaryimage\",\"url\":\"https:\/\/www.zuurstofplanten.net\/wp-content\/uploads\/2024\/10\/krabbescheer0.jpg\",\"contentUrl\":\"https:\/\/www.zuurstofplanten.net\/wp-content\/uploads\/2024\/10\/krabbescheer0.jpg\"},{\"@type\":\"BreadcrumbList\",\"@id\":\"https:\/\/www.zuurstofplanten.net\/drijfplanten\/krabbescheer\/#breadcrumb\",\"itemListElement\":[{\"@type\":\"ListItem\",\"position\":1,\"name\":\"Home\",\"item\":\"https:\/\/www.zuurstofplanten.net\/\"},{\"@type\":\"ListItem\",\"position\":2,\"name\":\"Drijfplanten\",\"item\":\"https:\/\/www.zuurstofplanten.net\/drijfplanten\/\"},{\"@type\":\"ListItem\",\"position\":3,\"name\":\"Krabbescheer\"}]},{\"@type\":\"WebSite\",\"@id\":\"https:\/\/www.zuurstofplanten.net\/#website\",\"url\":\"https:\/\/www.zuurstofplanten.net\/\",\"name\":\"Zuurstofplanten.net\",\"description\":\"\",\"publisher\":{\"@id\":\"https:\/\/www.zuurstofplanten.net\/#organization\"},\"potentialAction\":[{\"@type\":\"SearchAction\",\"target\":{\"@type\":\"EntryPoint\",\"urlTemplate\":\"https:\/\/www.zuurstofplanten.net\/?s={search_term_string}\"},\"query-input\":{\"@type\":\"PropertyValueSpecification\",\"valueRequired\":true,\"valueName\":\"search_term_string\"}}],\"inLanguage\":\"de\"},{\"@type\":\"Organization\",\"@id\":\"https:\/\/www.zuurstofplanten.net\/#organization\",\"name\":\"Zuurstofplanten.net\",\"url\":\"https:\/\/www.zuurstofplanten.net\/\",\"logo\":{\"@type\":\"ImageObject\",\"inLanguage\":\"de\",\"@id\":\"https:\/\/www.zuurstofplanten.net\/#\/schema\/logo\/image\/\",\"url\":\"https:\/\/www.zuurstofplanten.net\/wp-content\/uploads\/2024\/10\/zuurstofplanten-logo-1.jpg\",\"contentUrl\":\"https:\/\/www.zuurstofplanten.net\/wp-content\/uploads\/2024\/10\/zuurstofplanten-logo-1.jpg\",\"width\":180,\"height\":60,\"caption\":\"Zuurstofplanten.net\"},\"image\":{\"@id\":\"https:\/\/www.zuurstofplanten.net\/#\/schema\/logo\/image\/\"}}]}<\/script>\n<!-- \/ Yoast SEO plugin. -->","yoast_head_json":{"title":"Crabber | Pflanzen, Pflege &amp; Beratung | Acidplants.net","description":"Die Krabbe ist eine sehr sch\u00f6ne Teichpflanze, die gut gegen Algen wirkt. Sie ist auch ein Versteck f\u00fcr Amphibien und Insekten.","robots":{"index":"index","follow":"follow","max-snippet":"max-snippet:-1","max-image-preview":"max-image-preview:large","max-video-preview":"max-video-preview:-1"},"canonical":"https:\/\/www.zuurstofplanten.net\/de\/drijfplanten\/krabbescheer\/","og_locale":"de_DE","og_type":"article","og_title":"Krabbescheer | Planten, Onderhoud & Advies | Zuurstofplanten.net","og_description":"Krabbescheer is een zeer leuke vijverplant, welke goed werkt tegen algen. Daarnaast is het een schuilplaatst voor amfibie\u00ebn en insecten.","og_url":"https:\/\/www.zuurstofplanten.net\/de\/drijfplanten\/krabbescheer\/","og_site_name":"Zuurstofplanten.net","article_modified_time":"2025-07-07T11:27:06+00:00","og_image":[{"width":650,"height":487,"url":"https:\/\/www.zuurstofplanten.net\/wp-content\/uploads\/2024\/10\/krabbescheer0.jpg","type":"image\/jpeg"}],"twitter_card":"summary_large_image","twitter_misc":{"Gesch\u00e4tzte Lesezeit":"2\u00a0Minuten"},"schema":{"@context":"https:\/\/schema.org","@graph":[{"@type":"WebPage","@id":"https:\/\/www.zuurstofplanten.net\/drijfplanten\/krabbescheer\/","url":"https:\/\/www.zuurstofplanten.net\/drijfplanten\/krabbescheer\/","name":"Crabber | Pflanzen, Pflege &amp; Beratung | Acidplants.net","isPartOf":{"@id":"https:\/\/www.zuurstofplanten.net\/#website"},"primaryImageOfPage":{"@id":"https:\/\/www.zuurstofplanten.net\/drijfplanten\/krabbescheer\/#primaryimage"},"image":{"@id":"https:\/\/www.zuurstofplanten.net\/drijfplanten\/krabbescheer\/#primaryimage"},"thumbnailUrl":"https:\/\/www.zuurstofplanten.net\/wp-content\/uploads\/2024\/10\/krabbescheer0.jpg","datePublished":"2024-10-09T13:55:22+00:00","dateModified":"2025-07-07T11:27:06+00:00","description":"Die Krabbe ist eine sehr sch\u00f6ne Teichpflanze, die gut gegen Algen wirkt. Sie ist auch ein Versteck f\u00fcr Amphibien und Insekten.","breadcrumb":{"@id":"https:\/\/www.zuurstofplanten.net\/drijfplanten\/krabbescheer\/#breadcrumb"},"inLanguage":"de","potentialAction":[{"@type":"ReadAction","target":["https:\/\/www.zuurstofplanten.net\/drijfplanten\/krabbescheer\/"]}]},{"@type":"ImageObject","inLanguage":"de","@id":"https:\/\/www.zuurstofplanten.net\/drijfplanten\/krabbescheer\/#primaryimage","url":"https:\/\/www.zuurstofplanten.net\/wp-content\/uploads\/2024\/10\/krabbescheer0.jpg","contentUrl":"https:\/\/www.zuurstofplanten.net\/wp-content\/uploads\/2024\/10\/krabbescheer0.jpg"},{"@type":"BreadcrumbList","@id":"https:\/\/www.zuurstofplanten.net\/drijfplanten\/krabbescheer\/#breadcrumb","itemListElement":[{"@type":"ListItem","position":1,"name":"Home","item":"https:\/\/www.zuurstofplanten.net\/"},{"@type":"ListItem","position":2,"name":"Drijfplanten","item":"https:\/\/www.zuurstofplanten.net\/drijfplanten\/"},{"@type":"ListItem","position":3,"name":"Krabbescheer"}]},{"@type":"WebSite","@id":"https:\/\/www.zuurstofplanten.net\/#website","url":"https:\/\/www.zuurstofplanten.net\/","name":"Zuurstofplanten.net","description":"","publisher":{"@id":"https:\/\/www.zuurstofplanten.net\/#organization"},"potentialAction":[{"@type":"SearchAction","target":{"@type":"EntryPoint","urlTemplate":"https:\/\/www.zuurstofplanten.net\/?s={search_term_string}"},"query-input":{"@type":"PropertyValueSpecification","valueRequired":true,"valueName":"search_term_string"}}],"inLanguage":"de"},{"@type":"Organization","@id":"https:\/\/www.zuurstofplanten.net\/#organization","name":"Zuurstofplanten.net","url":"https:\/\/www.zuurstofplanten.net\/","logo":{"@type":"ImageObject","inLanguage":"de","@id":"https:\/\/www.zuurstofplanten.net\/#\/schema\/logo\/image\/","url":"https:\/\/www.zuurstofplanten.net\/wp-content\/uploads\/2024\/10\/zuurstofplanten-logo-1.jpg","contentUrl":"https:\/\/www.zuurstofplanten.net\/wp-content\/uploads\/2024\/10\/zuurstofplanten-logo-1.jpg","width":180,"height":60,"caption":"Zuurstofplanten.net"},"image":{"@id":"https:\/\/www.zuurstofplanten.net\/#\/schema\/logo\/image\/"}}]}},"_links":{"self":[{"href":"https:\/\/www.zuurstofplanten.net\/de\/wp-json\/wp\/v2\/pages\/443","targetHints":{"allow":["GET"]}}],"collection":[{"href":"https:\/\/www.zuurstofplanten.net\/de\/wp-json\/wp\/v2\/pages"}],"about":[{"href":"https:\/\/www.zuurstofplanten.net\/de\/wp-json\/wp\/v2\/types\/page"}],"author":[{"embeddable":true,"href":"https:\/\/www.zuurstofplanten.net\/de\/wp-json\/wp\/v2\/users\/4"}],"replies":[{"embeddable":true,"href":"https:\/\/www.zuurstofplanten.net\/de\/wp-json\/wp\/v2\/comments?post=443"}],"version-history":[{"count":19,"href":"https:\/\/www.zuurstofplanten.net\/de\/wp-json\/wp\/v2\/pages\/443\/revisions"}],"predecessor-version":[{"id":2376,"href":"https:\/\/www.zuurstofplanten.net\/de\/wp-json\/wp\/v2\/pages\/443\/revisions\/2376"}],"up":[{"embeddable":true,"href":"https:\/\/www.zuurstofplanten.net\/de\/wp-json\/wp\/v2\/pages\/449"}],"wp:attachment":[{"href":"https:\/\/www.zuurstofplanten.net\/de\/wp-json\/wp\/v2\/media?parent=443"}],"curies":[{"name":"wp","href":"https:\/\/api.w.org\/{rel}","templated":true}]}}