{"id":433,"date":"2024-10-09T13:12:55","date_gmt":"2024-10-09T13:12:55","guid":{"rendered":"https:\/\/baselinkhosting.nl\/zuurstofplanten\/?page_id=433"},"modified":"2025-06-04T09:28:08","modified_gmt":"2025-06-04T09:28:08","slug":"seerose","status":"publish","type":"page","link":"https:\/\/www.zuurstofplanten.net\/de\/schwimmpflanzen\/seerose\/","title":{"rendered":"Wasserlilie"},"content":{"rendered":"<div data-elementor-type=\"wp-page\" data-elementor-id=\"433\" class=\"elementor elementor-433\" data-elementor-post-type=\"page\">\n\t\t\t\t<div class=\"elementor-element elementor-element-ee33a31 e-flex e-con-boxed e-con e-parent\" data-id=\"ee33a31\" data-element_type=\"container\" data-e-type=\"container\" data-settings=\"{&quot;background_background&quot;:&quot;classic&quot;}\">\n\t\t\t\t\t<div class=\"e-con-inner\">\n\t\t\t\t<div class=\"elementor-element elementor-element-bed854f elementor-widget elementor-widget-heading\" data-id=\"bed854f\" data-element_type=\"widget\" data-e-type=\"widget\" data-widget_type=\"heading.default\">\n\t\t\t\t<div class=\"elementor-widget-container\">\n\t\t\t\t\t<h1 class=\"elementor-heading-title elementor-size-default\">Wasserlilie<\/h1>\t\t\t\t<\/div>\n\t\t\t\t<\/div>\n\t\t\t\t<div class=\"elementor-element elementor-element-1c25609 elementor-widget elementor-widget-breadcrumbs\" data-id=\"1c25609\" data-element_type=\"widget\" data-e-type=\"widget\" data-widget_type=\"breadcrumbs.default\">\n\t\t\t\t<div class=\"elementor-widget-container\">\n\t\t\t\t\t<p id=\"breadcrumbs\"><span><span><a href=\"https:\/\/www.zuurstofplanten.net\/de\/\">Startseite<\/a><\/span><\/span><\/p>\t\t\t\t<\/div>\n\t\t\t\t<\/div>\n\t\t\t\t\t<\/div>\n\t\t\t\t<\/div>\n\t\t<div class=\"elementor-element elementor-element-2342b06 e-flex e-con-boxed e-con e-parent\" data-id=\"2342b06\" data-element_type=\"container\" data-e-type=\"container\">\n\t\t\t\t\t<div class=\"e-con-inner\">\n\t\t\t\t<div class=\"elementor-element elementor-element-1cebd37 elementor-widget elementor-widget-heading\" data-id=\"1cebd37\" data-element_type=\"widget\" data-e-type=\"widget\" data-widget_type=\"heading.default\">\n\t\t\t\t<div class=\"elementor-widget-container\">\n\t\t\t\t\t<h2 class=\"elementor-heading-title elementor-size-default\">Seerosen in Ihrem Teich. Das F\u00fcr und Wider.<\/h2>\t\t\t\t<\/div>\n\t\t\t\t<\/div>\n\t\t<div class=\"elementor-element elementor-element-37899f8 e-grid e-con-full e-con e-child\" data-id=\"37899f8\" data-element_type=\"container\" data-e-type=\"container\">\n\t\t\t\t<div class=\"elementor-element elementor-element-852b837 elementor-widget elementor-widget-text-editor\" data-id=\"852b837\" data-element_type=\"widget\" data-e-type=\"widget\" data-widget_type=\"text-editor.default\">\n\t\t\t\t<div class=\"elementor-widget-container\">\n\t\t\t\t\t\t\t\t\t<p>Eine Seerose kann ein fantastischer Anblick in einem Teich sein. Diese im Sommer bl\u00fchende Wasserpflanze hat wundersch\u00f6ne wei\u00dfe oder rosa Bl\u00fcten auf gro\u00dfen gr\u00fcnen Bl\u00e4ttern. Sie passen in einen Garten oder werten das Aussehen eines Geb\u00e4udes auf.<\/p><p>Viele Menschen glauben jedoch, dass die Seerose auch viele Vorteile f\u00fcr die Wasserqualit\u00e4t hat, aber das ist gar nicht so schlecht. Seerosen neigen dazu, sich ziemlich stark zu vermehren. Die Unterbringung in einem stabilen Korb kann dies etwas verhindern, aber man sollte es im Auge behalten. Die gro\u00dfen Bl\u00e4tter der Seerose sind schattenspendend. Das ist \u00fcbrigens ein positiver Aspekt, denn die Schwebealgen im Teich haben weniger Sonnenlicht zur Verf\u00fcgung und wachsen daher weniger. Nachteilig ist, dass eine zu dichte Bepflanzung des Teiches mit Seerosenbl\u00e4ttern auch auf Kosten der untergetauchten Wasserpflanzen geht.<\/p>\t\t\t\t\t\t\t\t<\/div>\n\t\t\t\t<\/div>\n\t\t\t\t<div class=\"elementor-element elementor-element-a3e59a0 elementor-widget elementor-widget-image\" data-id=\"a3e59a0\" data-element_type=\"widget\" data-e-type=\"widget\" data-widget_type=\"image.default\">\n\t\t\t\t<div class=\"elementor-widget-container\">\n\t\t\t\t\t\t\t\t\t\t\t\t\t\t\t<img fetchpriority=\"high\" decoding=\"async\" width=\"300\" height=\"234\" src=\"https:\/\/www.zuurstofplanten.net\/wp-content\/uploads\/2024\/10\/witte_waterlelie-300x234.jpg\" class=\"attachment-medium size-medium wp-image-361\" alt=\"\" srcset=\"https:\/\/www.zuurstofplanten.net\/wp-content\/uploads\/2024\/10\/witte_waterlelie-300x234.jpg 300w, https:\/\/www.zuurstofplanten.net\/wp-content\/uploads\/2024\/10\/witte_waterlelie.jpg 469w\" sizes=\"(max-width: 300px) 100vw, 300px\" \/>\t\t\t\t\t\t\t\t\t\t\t\t\t\t\t<\/div>\n\t\t\t\t<\/div>\n\t\t\t\t<\/div>\n\t\t\t\t<div class=\"elementor-element elementor-element-50428f9 elementor-widget elementor-widget-heading\" data-id=\"50428f9\" data-element_type=\"widget\" data-e-type=\"widget\" data-widget_type=\"heading.default\">\n\t\t\t\t<div class=\"elementor-widget-container\">\n\t\t\t\t\t<h3 class=\"elementor-heading-title elementor-size-default\">Welche Arten von Seerosen gibt es?<\/h3>\t\t\t\t<\/div>\n\t\t\t\t<\/div>\n\t\t\t\t<div class=\"elementor-element elementor-element-af40caf elementor-widget elementor-widget-text-editor\" data-id=\"af40caf\" data-element_type=\"widget\" data-e-type=\"widget\" data-widget_type=\"text-editor.default\">\n\t\t\t\t<div class=\"elementor-widget-container\">\n\t\t\t\t\t\t\t\t\t<p>Die Wei\u00dfe Seerose ist in den Niederlanden recht h\u00e4ufig und w\u00e4chst bevorzugt in stehenden oder langsam flie\u00dfenden Gew\u00e4ssern, die bis zu 1,5 m tief sind. Die Samen der unter Wasser reifenden, flaschenf\u00f6rmigen Frucht werden \u00fcber das Wasser verteilt.<\/p><p>Neben der Wei\u00dfen Seerose gibt es in den Niederlanden und Belgien eine Reihe weiterer Farben.\u00a0<\/p>\t\t\t\t\t\t\t\t<\/div>\n\t\t\t\t<\/div>\n\t\t\t\t<div class=\"elementor-element elementor-element-5bafb23 elementor-widget elementor-widget-heading\" data-id=\"5bafb23\" data-element_type=\"widget\" data-e-type=\"widget\" data-widget_type=\"heading.default\">\n\t\t\t\t<div class=\"elementor-widget-container\">\n\t\t\t\t\t<h3 class=\"elementor-heading-title elementor-size-default\">Gibt es Alternativen zu Seerosen?<\/h3>\t\t\t\t<\/div>\n\t\t\t\t<\/div>\n\t\t\t\t<div class=\"elementor-element elementor-element-d57ac96 elementor-widget elementor-widget-text-editor\" data-id=\"d57ac96\" data-element_type=\"widget\" data-e-type=\"widget\" data-widget_type=\"text-editor.default\">\n\t\t\t\t<div class=\"elementor-widget-container\">\n\t\t\t\t\t\t\t\t\t<p>Es gibt durchaus Alternativen zur Seerose, auch wenn sie nicht zu tief platziert werden k\u00f6nnen. Das Hechtkraut ist ein gutes Beispiel.<\/p><p>Diese Uferpflanze kann in Teichen, die nicht allzu tief sind, f\u00fcr ein sch\u00f6nes Aussehen sorgen. Pfeilkraut und Wasserdistel haben auch sch\u00f6ne Bl\u00fcten und sind wieder etwas anderes!<\/p>\t\t\t\t\t\t\t\t<\/div>\n\t\t\t\t<\/div>\n\t\t\t\t<div class=\"elementor-element elementor-element-3c54843 elementor-cta--skin-classic elementor-animated-content elementor-bg-transform elementor-bg-transform-zoom-in elementor-widget elementor-widget-call-to-action\" data-id=\"3c54843\" data-element_type=\"widget\" data-e-type=\"widget\" data-widget_type=\"call-to-action.default\">\n\t\t\t\t<div class=\"elementor-widget-container\">\n\t\t\t\t\t\t\t<a class=\"elementor-cta\" href=\"https:\/\/vijvermeester.nl\/waterlelie-wit.html?utm_source=affiliate&#038;utm_medium=partner&#038;utm_campaign=zuurstofplanten_net&#038;utm_content=waterlelie\" rel=\"nofollow\">\n\t\t\t\t\t<div class=\"elementor-cta__bg-wrapper\">\n\t\t\t\t<div class=\"elementor-cta__bg elementor-bg\" style=\"background-image: url(https:\/\/www.zuurstofplanten.net\/wp-content\/uploads\/2024\/10\/zuurstofplanten-net-1024x149.jpg);\" role=\"img\" aria-label=\"Sauerstoffpflanzen-Netz\"><\/div>\n\t\t\t\t<div class=\"elementor-cta__bg-overlay\"><\/div>\n\t\t\t<\/div>\n\t\t\t\t\t\t\t<div class=\"elementor-cta__content\">\n\t\t\t\t\n\t\t\t\t\t\t\t\t\t<h2 class=\"elementor-cta__title elementor-cta__content-item elementor-content-item\">\n\t\t\t\t\t\tM\u00f6chten Sie Seerosen kaufen?\t\t\t\t\t<\/h2>\n\t\t\t\t\n\t\t\t\t\t\t\t\t\t<div class=\"elementor-cta__description elementor-cta__content-item elementor-content-item\">\n\t\t\t\t\t\tSeerosen sind \u00fcber den Webshop von De Vijvermeester zu verkaufen. Hier finden Sie sch\u00f6ne, qualitativ hochwertige Seerosen und eine gro\u00dfe Auswahl an anderen sauerstoffhaltigen Pflanzen.\t\t\t\t\t<\/div>\n\t\t\t\t\n\t\t\t\t\t\t\t\t\t<div class=\"elementor-cta__button-wrapper elementor-cta__content-item elementor-content-item\">\n\t\t\t\t\t<span class=\"elementor-cta__button elementor-button elementor-size-\">\n\t\t\t\t\t\tWasserlilie kaufen\t\t\t\t\t<\/span>\n\t\t\t\t\t<\/div>\n\t\t\t\t\t\t\t<\/div>\n\t\t\t\t\t\t<\/a>\n\t\t\t\t\t\t<\/div>\n\t\t\t\t<\/div>\n\t\t\t\t\t<\/div>\n\t\t\t\t<\/div>\n\t\t\t\t<\/div>","protected":false},"excerpt":{"rendered":"<p>Seerose Die Seerose im Teich. Das F\u00fcr und Wider. Eine Seerose kann in einem Teich ein fantastischer Anblick sein. Diese im Sommer bl\u00fchende Wasserpflanze tr\u00e4gt wundersch\u00f6ne wei\u00dfe oder rosa Bl\u00fcten auf gro\u00dfen gr\u00fcnen Bl\u00e4ttern. Sie passen in die Einrichtung eines Gartens oder tragen zum Aussehen eines Geb\u00e4udes bei, wenn [...]<\/p>","protected":false},"author":4,"featured_media":0,"parent":449,"menu_order":1,"comment_status":"closed","ping_status":"closed","template":"","meta":{"_acf_changed":false,"iawp_total_views":362,"footnotes":""},"class_list":["post-433","page","type-page","status-publish","hentry"],"acf":[],"yoast_head":"<!-- This site is optimized with the Yoast SEO plugin v25.5 - https:\/\/yoast.com\/wordpress\/plugins\/seo\/ -->\n<title>Waterlelie in uw Vijver? Heeft u hieraan gedacht? | Zuurstofplanten<\/title>\n<meta name=\"description\" content=\"Een waterlelie is een prachtige vijverplant maar een notaire woekeraar. Er zijn ook mooie alternatieven voor de Waterlelie verkrijgbaar.\" \/>\n<meta name=\"robots\" content=\"index, follow, max-snippet:-1, max-image-preview:large, max-video-preview:-1\" \/>\n<link rel=\"canonical\" href=\"https:\/\/www.zuurstofplanten.net\/de\/schwimmpflanzen\/seerose\/\" \/>\n<meta property=\"og:locale\" content=\"de_DE\" \/>\n<meta property=\"og:type\" content=\"article\" \/>\n<meta property=\"og:title\" content=\"Waterlelie in uw Vijver? Heeft u hieraan gedacht? | Zuurstofplanten\" \/>\n<meta property=\"og:description\" content=\"Een waterlelie is een prachtige vijverplant maar een notaire woekeraar. Er zijn ook mooie alternatieven voor de Waterlelie verkrijgbaar.\" \/>\n<meta property=\"og:url\" content=\"https:\/\/www.zuurstofplanten.net\/de\/schwimmpflanzen\/seerose\/\" \/>\n<meta property=\"og:site_name\" content=\"Zuurstofplanten.net\" \/>\n<meta property=\"article:modified_time\" content=\"2025-06-04T09:28:08+00:00\" \/>\n<meta property=\"og:image\" content=\"https:\/\/www.zuurstofplanten.net\/wp-content\/uploads\/2024\/10\/witte_waterlelie.jpg\" \/>\n\t<meta property=\"og:image:width\" content=\"469\" \/>\n\t<meta property=\"og:image:height\" content=\"366\" \/>\n\t<meta property=\"og:image:type\" content=\"image\/jpeg\" \/>\n<meta name=\"twitter:card\" content=\"summary_large_image\" \/>\n<meta name=\"twitter:label1\" content=\"Gesch\u00e4tzte Lesezeit\" \/>\n\t<meta name=\"twitter:data1\" content=\"2\u00a0Minuten\" \/>\n<script type=\"application\/ld+json\" class=\"yoast-schema-graph\">{\"@context\":\"https:\/\/schema.org\",\"@graph\":[{\"@type\":\"WebPage\",\"@id\":\"https:\/\/www.zuurstofplanten.net\/drijfplanten\/waterlelie\/\",\"url\":\"https:\/\/www.zuurstofplanten.net\/drijfplanten\/waterlelie\/\",\"name\":\"Waterlelie in uw Vijver? Heeft u hieraan gedacht? | Zuurstofplanten\",\"isPartOf\":{\"@id\":\"https:\/\/www.zuurstofplanten.net\/#website\"},\"primaryImageOfPage\":{\"@id\":\"https:\/\/www.zuurstofplanten.net\/drijfplanten\/waterlelie\/#primaryimage\"},\"image\":{\"@id\":\"https:\/\/www.zuurstofplanten.net\/drijfplanten\/waterlelie\/#primaryimage\"},\"thumbnailUrl\":\"https:\/\/www.zuurstofplanten.net\/wp-content\/uploads\/2024\/10\/witte_waterlelie-300x234.jpg\",\"datePublished\":\"2024-10-09T13:12:55+00:00\",\"dateModified\":\"2025-06-04T09:28:08+00:00\",\"description\":\"Een waterlelie is een prachtige vijverplant maar een notaire woekeraar. Er zijn ook mooie alternatieven voor de Waterlelie verkrijgbaar.\",\"breadcrumb\":{\"@id\":\"https:\/\/www.zuurstofplanten.net\/drijfplanten\/waterlelie\/#breadcrumb\"},\"inLanguage\":\"de\",\"potentialAction\":[{\"@type\":\"ReadAction\",\"target\":[\"https:\/\/www.zuurstofplanten.net\/drijfplanten\/waterlelie\/\"]}]},{\"@type\":\"ImageObject\",\"inLanguage\":\"de\",\"@id\":\"https:\/\/www.zuurstofplanten.net\/drijfplanten\/waterlelie\/#primaryimage\",\"url\":\"https:\/\/www.zuurstofplanten.net\/wp-content\/uploads\/2024\/10\/witte_waterlelie-300x234.jpg\",\"contentUrl\":\"https:\/\/www.zuurstofplanten.net\/wp-content\/uploads\/2024\/10\/witte_waterlelie-300x234.jpg\"},{\"@type\":\"BreadcrumbList\",\"@id\":\"https:\/\/www.zuurstofplanten.net\/drijfplanten\/waterlelie\/#breadcrumb\",\"itemListElement\":[{\"@type\":\"ListItem\",\"position\":1,\"name\":\"Home\",\"item\":\"https:\/\/www.zuurstofplanten.net\/\"},{\"@type\":\"ListItem\",\"position\":2,\"name\":\"Drijfplanten\",\"item\":\"https:\/\/www.zuurstofplanten.net\/drijfplanten\/\"},{\"@type\":\"ListItem\",\"position\":3,\"name\":\"Waterlelie\"}]},{\"@type\":\"WebSite\",\"@id\":\"https:\/\/www.zuurstofplanten.net\/#website\",\"url\":\"https:\/\/www.zuurstofplanten.net\/\",\"name\":\"Zuurstofplanten.net\",\"description\":\"\",\"publisher\":{\"@id\":\"https:\/\/www.zuurstofplanten.net\/#organization\"},\"potentialAction\":[{\"@type\":\"SearchAction\",\"target\":{\"@type\":\"EntryPoint\",\"urlTemplate\":\"https:\/\/www.zuurstofplanten.net\/?s={search_term_string}\"},\"query-input\":{\"@type\":\"PropertyValueSpecification\",\"valueRequired\":true,\"valueName\":\"search_term_string\"}}],\"inLanguage\":\"de\"},{\"@type\":\"Organization\",\"@id\":\"https:\/\/www.zuurstofplanten.net\/#organization\",\"name\":\"Zuurstofplanten.net\",\"url\":\"https:\/\/www.zuurstofplanten.net\/\",\"logo\":{\"@type\":\"ImageObject\",\"inLanguage\":\"de\",\"@id\":\"https:\/\/www.zuurstofplanten.net\/#\/schema\/logo\/image\/\",\"url\":\"https:\/\/www.zuurstofplanten.net\/wp-content\/uploads\/2024\/10\/zuurstofplanten-logo-1.jpg\",\"contentUrl\":\"https:\/\/www.zuurstofplanten.net\/wp-content\/uploads\/2024\/10\/zuurstofplanten-logo-1.jpg\",\"width\":180,\"height\":60,\"caption\":\"Zuurstofplanten.net\"},\"image\":{\"@id\":\"https:\/\/www.zuurstofplanten.net\/#\/schema\/logo\/image\/\"}}]}<\/script>\n<!-- \/ Yoast SEO plugin. -->","yoast_head_json":{"title":"Seerose in Ihrem Teich? Haben Sie an diese Sauerstoffpflanzen gedacht?","description":"Die Seerose ist eine sch\u00f6ne Teichpflanze, aber ein notorischer Wucherer. Es gibt auch sch\u00f6ne Alternativen zur Seerose.","robots":{"index":"index","follow":"follow","max-snippet":"max-snippet:-1","max-image-preview":"max-image-preview:large","max-video-preview":"max-video-preview:-1"},"canonical":"https:\/\/www.zuurstofplanten.net\/de\/schwimmpflanzen\/seerose\/","og_locale":"de_DE","og_type":"article","og_title":"Waterlelie in uw Vijver? Heeft u hieraan gedacht? | Zuurstofplanten","og_description":"Een waterlelie is een prachtige vijverplant maar een notaire woekeraar. Er zijn ook mooie alternatieven voor de Waterlelie verkrijgbaar.","og_url":"https:\/\/www.zuurstofplanten.net\/de\/schwimmpflanzen\/seerose\/","og_site_name":"Zuurstofplanten.net","article_modified_time":"2025-06-04T09:28:08+00:00","og_image":[{"width":469,"height":366,"url":"https:\/\/www.zuurstofplanten.net\/wp-content\/uploads\/2024\/10\/witte_waterlelie.jpg","type":"image\/jpeg"}],"twitter_card":"summary_large_image","twitter_misc":{"Gesch\u00e4tzte Lesezeit":"2\u00a0Minuten"},"schema":{"@context":"https:\/\/schema.org","@graph":[{"@type":"WebPage","@id":"https:\/\/www.zuurstofplanten.net\/drijfplanten\/waterlelie\/","url":"https:\/\/www.zuurstofplanten.net\/drijfplanten\/waterlelie\/","name":"Seerose in Ihrem Teich? Haben Sie an diese Sauerstoffpflanzen gedacht?","isPartOf":{"@id":"https:\/\/www.zuurstofplanten.net\/#website"},"primaryImageOfPage":{"@id":"https:\/\/www.zuurstofplanten.net\/drijfplanten\/waterlelie\/#primaryimage"},"image":{"@id":"https:\/\/www.zuurstofplanten.net\/drijfplanten\/waterlelie\/#primaryimage"},"thumbnailUrl":"https:\/\/www.zuurstofplanten.net\/wp-content\/uploads\/2024\/10\/witte_waterlelie-300x234.jpg","datePublished":"2024-10-09T13:12:55+00:00","dateModified":"2025-06-04T09:28:08+00:00","description":"Die Seerose ist eine sch\u00f6ne Teichpflanze, aber ein notorischer Wucherer. Es gibt auch sch\u00f6ne Alternativen zur Seerose.","breadcrumb":{"@id":"https:\/\/www.zuurstofplanten.net\/drijfplanten\/waterlelie\/#breadcrumb"},"inLanguage":"de","potentialAction":[{"@type":"ReadAction","target":["https:\/\/www.zuurstofplanten.net\/drijfplanten\/waterlelie\/"]}]},{"@type":"ImageObject","inLanguage":"de","@id":"https:\/\/www.zuurstofplanten.net\/drijfplanten\/waterlelie\/#primaryimage","url":"https:\/\/www.zuurstofplanten.net\/wp-content\/uploads\/2024\/10\/witte_waterlelie-300x234.jpg","contentUrl":"https:\/\/www.zuurstofplanten.net\/wp-content\/uploads\/2024\/10\/witte_waterlelie-300x234.jpg"},{"@type":"BreadcrumbList","@id":"https:\/\/www.zuurstofplanten.net\/drijfplanten\/waterlelie\/#breadcrumb","itemListElement":[{"@type":"ListItem","position":1,"name":"Home","item":"https:\/\/www.zuurstofplanten.net\/"},{"@type":"ListItem","position":2,"name":"Drijfplanten","item":"https:\/\/www.zuurstofplanten.net\/drijfplanten\/"},{"@type":"ListItem","position":3,"name":"Waterlelie"}]},{"@type":"WebSite","@id":"https:\/\/www.zuurstofplanten.net\/#website","url":"https:\/\/www.zuurstofplanten.net\/","name":"Zuurstofplanten.net","description":"","publisher":{"@id":"https:\/\/www.zuurstofplanten.net\/#organization"},"potentialAction":[{"@type":"SearchAction","target":{"@type":"EntryPoint","urlTemplate":"https:\/\/www.zuurstofplanten.net\/?s={search_term_string}"},"query-input":{"@type":"PropertyValueSpecification","valueRequired":true,"valueName":"search_term_string"}}],"inLanguage":"de"},{"@type":"Organization","@id":"https:\/\/www.zuurstofplanten.net\/#organization","name":"Zuurstofplanten.net","url":"https:\/\/www.zuurstofplanten.net\/","logo":{"@type":"ImageObject","inLanguage":"de","@id":"https:\/\/www.zuurstofplanten.net\/#\/schema\/logo\/image\/","url":"https:\/\/www.zuurstofplanten.net\/wp-content\/uploads\/2024\/10\/zuurstofplanten-logo-1.jpg","contentUrl":"https:\/\/www.zuurstofplanten.net\/wp-content\/uploads\/2024\/10\/zuurstofplanten-logo-1.jpg","width":180,"height":60,"caption":"Zuurstofplanten.net"},"image":{"@id":"https:\/\/www.zuurstofplanten.net\/#\/schema\/logo\/image\/"}}]}},"_links":{"self":[{"href":"https:\/\/www.zuurstofplanten.net\/de\/wp-json\/wp\/v2\/pages\/433"}],"collection":[{"href":"https:\/\/www.zuurstofplanten.net\/de\/wp-json\/wp\/v2\/pages"}],"about":[{"href":"https:\/\/www.zuurstofplanten.net\/de\/wp-json\/wp\/v2\/types\/page"}],"author":[{"embeddable":true,"href":"https:\/\/www.zuurstofplanten.net\/de\/wp-json\/wp\/v2\/users\/4"}],"replies":[{"embeddable":true,"href":"https:\/\/www.zuurstofplanten.net\/de\/wp-json\/wp\/v2\/comments?post=433"}],"version-history":[{"count":19,"href":"https:\/\/www.zuurstofplanten.net\/de\/wp-json\/wp\/v2\/pages\/433\/revisions"}],"predecessor-version":[{"id":2099,"href":"https:\/\/www.zuurstofplanten.net\/de\/wp-json\/wp\/v2\/pages\/433\/revisions\/2099"}],"up":[{"embeddable":true,"href":"https:\/\/www.zuurstofplanten.net\/de\/wp-json\/wp\/v2\/pages\/449"}],"wp:attachment":[{"href":"https:\/\/www.zuurstofplanten.net\/de\/wp-json\/wp\/v2\/media?parent=433"}],"curies":[{"name":"wp","href":"https:\/\/api.w.org\/{rel}","templated":true}]}}