{"id":420,"date":"2024-10-09T12:43:11","date_gmt":"2024-10-09T12:43:11","guid":{"rendered":"https:\/\/baselinkhosting.nl\/zuurstofplanten\/?page_id=420"},"modified":"2025-07-07T12:42:32","modified_gmt":"2025-07-07T12:42:32","slug":"entschlammung-von-teichen","status":"publish","type":"page","link":"https:\/\/www.zuurstofplanten.net\/de\/wissensbasis\/entschlammung-von-teichen\/","title":{"rendered":"Beseitigung von Teichschlamm"},"content":{"rendered":"<div data-elementor-type=\"wp-page\" data-elementor-id=\"420\" class=\"elementor elementor-420\" data-elementor-post-type=\"page\">\n\t\t\t\t<div class=\"elementor-element elementor-element-07013d7 e-flex e-con-boxed e-con e-parent\" data-id=\"07013d7\" data-element_type=\"container\" data-e-type=\"container\" data-settings=\"{&quot;background_background&quot;:&quot;classic&quot;}\">\n\t\t\t\t\t<div class=\"e-con-inner\">\n\t\t\t\t<div class=\"elementor-element elementor-element-0768c3b elementor-widget elementor-widget-heading\" data-id=\"0768c3b\" data-element_type=\"widget\" data-e-type=\"widget\" data-widget_type=\"heading.default\">\n\t\t\t\t<div class=\"elementor-widget-container\">\n\t\t\t\t\t<h1 class=\"elementor-heading-title elementor-size-default\">Beseitigung von Teichschlamm<\/h1>\t\t\t\t<\/div>\n\t\t\t\t<\/div>\n\t\t\t\t<div class=\"elementor-element elementor-element-9ce2013 elementor-widget elementor-widget-breadcrumbs\" data-id=\"9ce2013\" data-element_type=\"widget\" data-e-type=\"widget\" data-widget_type=\"breadcrumbs.default\">\n\t\t\t\t<div class=\"elementor-widget-container\">\n\t\t\t\t\t<p id=\"breadcrumbs\"><span><span><a href=\"https:\/\/www.zuurstofplanten.net\/de\/\">Startseite<\/a><\/span><\/span><\/p>\t\t\t\t<\/div>\n\t\t\t\t<\/div>\n\t\t\t\t\t<\/div>\n\t\t\t\t<\/div>\n\t\t<div class=\"elementor-element elementor-element-7e724a4 e-flex e-con-boxed e-con e-parent\" data-id=\"7e724a4\" data-element_type=\"container\" data-e-type=\"container\">\n\t\t\t\t\t<div class=\"e-con-inner\">\n\t\t\t\t<div class=\"elementor-element elementor-element-7b33530 elementor-widget elementor-widget-heading\" data-id=\"7b33530\" data-element_type=\"widget\" data-e-type=\"widget\" data-widget_type=\"heading.default\">\n\t\t\t\t<div class=\"elementor-widget-container\">\n\t\t\t\t\t<h2 class=\"elementor-heading-title elementor-size-default\">Entschlammung von Teichen: Ein Fahrplan f\u00fcr einen gesunden Teich<\/h2>\t\t\t\t<\/div>\n\t\t\t\t<\/div>\n\t\t\t\t<div class=\"elementor-element elementor-element-1456fc2 elementor-widget elementor-widget-text-editor\" data-id=\"1456fc2\" data-element_type=\"widget\" data-e-type=\"widget\" data-widget_type=\"text-editor.default\">\n\t\t\t\t<div class=\"elementor-widget-container\">\n\t\t\t\t\t\t\t\t\t<p>Die Entfernung von Teichschlamm ist eine wichtige Aufgabe f\u00fcr jeden Teichliebhaber. Teichschlamm entsteht durch die Ansammlung von organischem Material wie abgestorbenen Bl\u00e4ttern, Wasserpflanzen und Algen sowie durch \u00e4u\u00dfere Einfl\u00fcsse wie Staub und nicht organische Abf\u00e4lle. Diese Schlammschicht kann Probleme wie tr\u00fcbes Wasser, schlechten Geruch und eine ungesunde Teichumgebung verursachen. Deshalb ist es wichtig, den Teichschlamm regelm\u00e4\u00dfig zu entfernen, um das Gleichgewicht im Teich zu erhalten.<\/p><p>Hier finden Sie einen klaren Schritt-f\u00fcr-Schritt-Plan f\u00fcr eine effiziente Teichentschlammung.<\/p><ul><li><a href=\"#stap-1\">Schritt 1: Inspektion des Teichs<\/a><\/li><li><a href=\"#stap-2\">Schritt 2: Mechanische Entfernung des Teichschlamms<\/a><\/li><li><a href=\"#stap-3\">Schritt 3: Biologische Schlammentfernung<\/a><\/li><li><a href=\"#stap-4\">Schritt 4: Pflege und Pr\u00e4vention von Teichschlamm<\/a><br \/><br \/><\/li><\/ul><p>Een gezonde balans in de vijver begint bij een goed gekozen plantenbestand. Zuurstofplanten zoals <strong><a href=\"https:\/\/www.zuurstofplanten.net\/de\/sauerstoffpflanzen\/wasserpflanze\/\">Wassergras<\/a> <\/strong>und <strong><a href=\"https:\/\/www.zuurstofplanten.net\/de\/sauerstoffpflanzen\/feines-hornblatt\/\">Hornblatt<\/a> <\/strong>absorbieren \u00fcbersch\u00fcssige N\u00e4hrstoffe aus dem Wasser und geben schlickbildenden Algen weniger Chancen, sich zu entwickeln. Hornkraut muss dabei nicht einmal gepflanzt werden und ist ideal f\u00fcr diejenigen, die schnelle Ergebnisse ohne umfangreiche Bepflanzung erzielen wollen. Auch <strong><a href=\"https:\/\/www.zuurstofplanten.net\/de\/schwimmpflanzen\/krabbenbeere\/\">Krabbenfischer<\/a><\/strong>, eine schwimmende Sauerstoffpflanze, tr\u00e4gt zur Klarheit des Wassers bei, indem sie die Lichtdurchdringung verringert und eine zus\u00e4tzliche Konkurrenz f\u00fcr Algen darstellt. Durch die geschickte Kombination dieser Pflanzen wird ein nat\u00fcrliches Gleichgewicht geschaffen, in dem sich weniger Schlamm im Teich ansammelt.<\/p>\t\t\t\t\t\t\t\t<\/div>\n\t\t\t\t<\/div>\n\t\t\t\t<div class=\"elementor-element elementor-element-d73ba91 elementor-widget elementor-widget-text-editor\" data-id=\"d73ba91\" data-element_type=\"widget\" data-e-type=\"widget\" data-widget_type=\"text-editor.default\">\n\t\t\t\t<div class=\"elementor-widget-container\">\n\t\t\t\t\t\t\t\t\t<h3 id=\"stap-1\">Schritt 1: Inspektion des Teichs<\/h3>\t\t\t\t\t\t\t\t<\/div>\n\t\t\t\t<\/div>\n\t\t\t\t<div class=\"elementor-element elementor-element-e3bab28 elementor-widget elementor-widget-text-editor\" data-id=\"e3bab28\" data-element_type=\"widget\" data-e-type=\"widget\" data-widget_type=\"text-editor.default\">\n\t\t\t\t<div class=\"elementor-widget-container\">\n\t\t\t\t\t\t\t\t\t<p>Bevor Sie mit der Entschlammung Ihres Teiches beginnen, ist es wichtig, den Zustand Ihres Teiches genau zu \u00fcberpr\u00fcfen. Beachten Sie die folgenden Punkte:<\/p><ul><li><strong>Wie viel Schlamm befindet sich am Boden?<\/strong> Sie k\u00f6nnen dies feststellen, indem Sie mit einem St\u00e4bchen vorsichtig zum Boden gehen oder ein durchsichtiges Rohr als Peilstab verwenden.<\/li><li><strong>Wie gesund sind die Wasserpflanzen?<\/strong> \u00dcberm\u00e4\u00dfiger Schlamm ist oft ein Zeichen f\u00fcr einen schlechten Zustand der Wasserpflanzen und eine geringere Artenvielfalt.<\/li><li><strong>Gibt es Anzeichen eines anaeroben Abbaus?<\/strong> Der anaerobe Abbau, der durch zu viel Schlamm verursacht wird, f\u00fchrt oft zu unangenehmen Ger\u00fcchen und kann das Wasser mit Schadstoffen belasten.<\/li><\/ul>\t\t\t\t\t\t\t\t<\/div>\n\t\t\t\t<\/div>\n\t\t\t\t<div class=\"elementor-element elementor-element-447aebf elementor-widget elementor-widget-text-editor\" data-id=\"447aebf\" data-element_type=\"widget\" data-e-type=\"widget\" data-widget_type=\"text-editor.default\">\n\t\t\t\t<div class=\"elementor-widget-container\">\n\t\t\t\t\t\t\t\t\t<h3 id=\"stap-2\">Schritt 2: Mechanische Entfernung des Teichschlamms<\/h3>\t\t\t\t\t\t\t\t<\/div>\n\t\t\t\t<\/div>\n\t\t\t\t<div class=\"elementor-element elementor-element-35f4b23 elementor-widget elementor-widget-text-editor\" data-id=\"35f4b23\" data-element_type=\"widget\" data-e-type=\"widget\" data-widget_type=\"text-editor.default\">\n\t\t\t\t<div class=\"elementor-widget-container\">\n\t\t\t\t\t\t\t\t\tBei einer dicken Schlammschicht im Teich sollten Sie mechanische Methoden zur manuellen Entfernung des Schlamms in Betracht ziehen:\n<ul>\n \t<li><strong>Verwenden Sie einen Teichsauger<\/strong> um den Schlick vom Boden aufzusaugen, ohne den Wasserstand drastisch zu ver\u00e4ndern. Dies ist eine wirksame, aber arbeitsintensive Methode.<\/li>\n \t<li><strong>Kl\u00e4rschlamm schaufeln<\/strong> kann auch eine Option f\u00fcr kleinere Teiche sein. Verwenden Sie dazu eine Teichschaufel oder ein spezielles Schlammnetz, um die Schlammschicht vorsichtig vom Boden aufzuschaufeln.<\/li><\/ul>\n \t<p>Beachten Sie, dass die mechanische Entfernung von Schlamm den Teich st\u00f6ren und zu tr\u00fcbem Wasser f\u00fchren kann. Au\u00dferdem besteht die Gefahr, dass die Teichfolie besch\u00e4digt wird, was zu Undichtigkeiten f\u00fchren kann.<\/p>\t\t\t\t\t\t\t\t<\/div>\n\t\t\t\t<\/div>\n\t\t\t\t<div class=\"elementor-element elementor-element-c424f23 elementor-widget elementor-widget-text-editor\" data-id=\"c424f23\" data-element_type=\"widget\" data-e-type=\"widget\" data-widget_type=\"text-editor.default\">\n\t\t\t\t<div class=\"elementor-widget-container\">\n\t\t\t\t\t\t\t\t\t<h3 id=\"stap-3\">Schritt 3: Biologische Schlammentfernung<\/h3>\t\t\t\t\t\t\t\t<\/div>\n\t\t\t\t<\/div>\n\t\t\t\t<div class=\"elementor-element elementor-element-9751b83 elementor-widget elementor-widget-text-editor\" data-id=\"9751b83\" data-element_type=\"widget\" data-e-type=\"widget\" data-widget_type=\"text-editor.default\">\n\t\t\t\t<div class=\"elementor-widget-container\">\n\t\t\t\t\t\t\t\t\t<p>Neben mechanischen Methoden gibt es auch eine umweltfreundliche M\u00f6glichkeit, Teichschlamm mit biologischen Produkten zu entfernen. <a href=\"https:\/\/vijvermeester.nl\/bio-pond.html?utm_source=affiliate&amp;utm_medium=partner&amp;utm_campaign=zuurstofplanten_net&amp;utm_content=bio_pond\"><strong>Bio-Teich<\/strong><\/a> ist eine ausgezeichnete Wahl f\u00fcr den biologischen Abbau von Teichschlamm.<\/p><p><strong>Wie funktioniert der Bio-Teich?<\/strong><\/p><ul><li><strong>Mikroorganismen im Bio-Teich<\/strong> ern\u00e4hren sich von den organischen Bestandteilen des Teichschlamms. Diese nat\u00fcrlichen Mikroorganismen sind sicher f\u00fcr den Teich und tragen zu einer ges\u00fcnderen Teichumgebung bei.<\/li><li><strong>Bedienung von unten<\/strong>: Nach dem Ausbringen der Bio-Pond-Pellets sinken diese auf den Boden und setzen den Zersetzungsprozess des Schlamms in Gang, ohne Sauerstoffmangel zu verursachen.<\/li><li><strong>Sauerstoffarme Umgebung<\/strong>: Bio-Pond ben\u00f6tigt nur 0,2 mg\/l Sauerstoff, was bedeutet, dass es auch unter sauerstoffarmen Bedingungen effektiv arbeitet.<\/li><\/ul>\t\t\t\t\t\t\t\t<\/div>\n\t\t\t\t<\/div>\n\t\t\t\t<div class=\"elementor-element elementor-element-b39a366 elementor-widget elementor-widget-text-editor\" data-id=\"b39a366\" data-element_type=\"widget\" data-e-type=\"widget\" data-widget_type=\"text-editor.default\">\n\t\t\t\t<div class=\"elementor-widget-container\">\n\t\t\t\t\t\t\t\t\t<h3 id=\"stap-4\">Schritt 4: Pflege und Pr\u00e4vention von Teichschlamm<\/h3>\t\t\t\t\t\t\t\t<\/div>\n\t\t\t\t<\/div>\n\t\t\t\t<div class=\"elementor-element elementor-element-6a53ee7 elementor-widget elementor-widget-text-editor\" data-id=\"6a53ee7\" data-element_type=\"widget\" data-e-type=\"widget\" data-widget_type=\"text-editor.default\">\n\t\t\t\t<div class=\"elementor-widget-container\">\n\t\t\t\t\t\t\t\t\t<p>Vorbeugen ist immer besser als heilen. Durch richtige Teichpflege k\u00f6nnen Sie die Verschlammung des Teiches reduzieren:<\/p><ul><li><strong>Wasserpflanzen regelm\u00e4\u00dfig beschneiden<\/strong> und entfernen Sie gefallenes Laub und anderes organisches Material, um eine \u00fcberm\u00e4\u00dfige Verschlammung zu verhindern.<\/li><li><strong>Verwenden Sie ein Teichnetz<\/strong> im Herbst, um fallendes Laub aus dem Wasser zu halten.<\/li><li><strong>Wasserqualit\u00e4t pr\u00fcfen<\/strong> regelm\u00e4\u00dfig und f\u00fcgen Sie bei Bedarf Sauerstoffpflanzen hinzu, um das Gleichgewicht des Teiches zu erhalten.<\/li><\/ul>\t\t\t\t\t\t\t\t<\/div>\n\t\t\t\t<\/div>\n\t\t\t\t<div class=\"elementor-element elementor-element-4e4cdbb elementor-widget elementor-widget-heading\" data-id=\"4e4cdbb\" data-element_type=\"widget\" data-e-type=\"widget\" data-widget_type=\"heading.default\">\n\t\t\t\t<div class=\"elementor-widget-container\">\n\t\t\t\t\t<h2 class=\"elementor-heading-title elementor-size-default\">Bio-Pond: Produkt zur Entfernung von Teichschlamm<\/h2>\t\t\t\t<\/div>\n\t\t\t\t<\/div>\n\t\t\t\t<div class=\"elementor-element elementor-element-92816dc elementor-widget elementor-widget-text-editor\" data-id=\"92816dc\" data-element_type=\"widget\" data-e-type=\"widget\" data-widget_type=\"text-editor.default\">\n\t\t\t\t<div class=\"elementor-widget-container\">\n\t\t\t\t\t\t\t\t\t<p>Um die zeitraubende Arbeit der Teichentschlammung zu erleichtern, gibt es <strong>Bio-Teich<\/strong>ein Produkt, das speziell f\u00fcr kleinere Teiche entwickelt wurde. Bio-Pond enth\u00e4lt nat\u00fcrliche Mikroorganismen, die sich von der organischen Schlammschicht ern\u00e4hren und das Gleichgewicht im Teich wiederherstellen.<\/p>\t\t\t\t\t\t\t\t<\/div>\n\t\t\t\t<\/div>\n\t\t\t\t<div class=\"elementor-element elementor-element-b95824e elementor-widget elementor-widget-heading\" data-id=\"b95824e\" data-element_type=\"widget\" data-e-type=\"widget\" data-widget_type=\"heading.default\">\n\t\t\t\t<div class=\"elementor-widget-container\">\n\t\t\t\t\t<h3 class=\"elementor-heading-title elementor-size-default\">Vorteile von Bio-Pond<\/h3>\t\t\t\t<\/div>\n\t\t\t\t<\/div>\n\t\t\t\t<div class=\"elementor-element elementor-element-00e625b elementor-widget elementor-widget-text-editor\" data-id=\"00e625b\" data-element_type=\"widget\" data-e-type=\"widget\" data-widget_type=\"text-editor.default\">\n\t\t\t\t<div class=\"elementor-widget-container\">\n\t\t\t\t\t\t\t\t\t<ul><li><strong>Einfach zu bedienen<\/strong>Streuen Sie das Bio-Pond-Granulat gleichm\u00e4\u00dfig \u00fcber die Wasseroberfl\u00e4che des Teichs. Das Granulat sinkt auf den Grund und verrichtet seine Arbeit, ohne das Wasser zu st\u00f6ren.<\/li><li><strong>Verbesserung der Wasserqualit\u00e4t<\/strong>Die kontrollierte Zersetzung von Teichschlamm verbessert die Wasserqualit\u00e4t. Es wird sogar mehr CO2 freigesetzt, was das Wachstum von Wasserpflanzen anregt.<\/li><li><strong>Verhindert Sauerstoffmangel<\/strong>: Bio-Pond arbeitet bereits mit einem minimalen Sauerstoffgehalt und minimiert so das Risiko einer Sauerstoffverarmung.<\/li><li><strong>Lang anhaltende Wirkung<\/strong>: Bei regelm\u00e4\u00dfiger Anwendung im Fr\u00fchjahr und Herbst k\u00f6nnen Sie die Schlammschicht in einem Jahr bis zur H\u00e4lfte reduzieren.<\/li><\/ul>\t\t\t\t\t\t\t\t<\/div>\n\t\t\t\t<\/div>\n\t\t\t\t<div class=\"elementor-element elementor-element-c63a247 elementor-widget elementor-widget-heading\" data-id=\"c63a247\" data-element_type=\"widget\" data-e-type=\"widget\" data-widget_type=\"heading.default\">\n\t\t\t\t<div class=\"elementor-widget-container\">\n\t\t\t\t\t<h3 class=\"elementor-heading-title elementor-size-default\">Dosierung und Anwendung von Bio-Pond<\/h3>\t\t\t\t<\/div>\n\t\t\t\t<\/div>\n\t\t\t\t<div class=\"elementor-element elementor-element-2b2467d elementor-widget elementor-widget-text-editor\" data-id=\"2b2467d\" data-element_type=\"widget\" data-e-type=\"widget\" data-widget_type=\"text-editor.default\">\n\t\t\t\t<div class=\"elementor-widget-container\">\n\t\t\t\t\t\t\t\t\t<ul><li>Streuen Sie zweimal im Jahr (Fr\u00fchjahr und Herbst) 200 Gramm Bio-Pond pro Quadratmeter Teichoberfl\u00e4che aus. F\u00fcr einen 2 mal 3 Meter gro\u00dfen Teich ben\u00f6tigen Sie zum Beispiel jeweils 1,2 kg.<\/li><li><strong>Empfohlener Zeitraum<\/strong>Bio-Pond wird am besten zwischen Mitte September und Mitte November und zwischen Mitte M\u00e4rz und Ende Mai ausgebracht.<\/li><\/ul>\t\t\t\t\t\t\t\t<\/div>\n\t\t\t\t<\/div>\n\t\t\t\t<div class=\"elementor-element elementor-element-630cbf1 elementor-widget elementor-widget-heading\" data-id=\"630cbf1\" data-element_type=\"widget\" data-e-type=\"widget\" data-widget_type=\"heading.default\">\n\t\t\t\t<div class=\"elementor-widget-container\">\n\t\t\t\t\t<h3 class=\"elementor-heading-title elementor-size-default\">M\u00f6chten Sie Bio-Pond kaufen?<\/h3>\t\t\t\t<\/div>\n\t\t\t\t<\/div>\n\t\t\t\t<div class=\"elementor-element elementor-element-2217fec elementor-widget elementor-widget-text-editor\" data-id=\"2217fec\" data-element_type=\"widget\" data-e-type=\"widget\" data-widget_type=\"text-editor.default\">\n\t\t\t\t<div class=\"elementor-widget-container\">\n\t\t\t\t\t\t\t\t\t<p>Bei unserem Vertriebspartner Vijvermeester.nl k\u00f6nnen Sie <strong><a href=\"https:\/\/vijvermeester.nl\/bio-pond.html?utm_source=affiliate&amp;utm_medium=partner&amp;utm_campaign=zuurstofplanten_net&amp;utm_content=bio_pond\" rel=\"nofollow\">Bio-Teich<\/a><\/strong> Bestellung in verschiedenen Mengen, bitte schauen Sie sich um!<\/p>\t\t\t\t\t\t\t\t<\/div>\n\t\t\t\t<\/div>\n\t\t\t\t\t<\/div>\n\t\t\t\t<\/div>\n\t\t\t\t<\/div>","protected":false},"excerpt":{"rendered":"<p>Vijverslib Verwijderen Vijverslib Verwijderen: Een Stappenplan voor een Gezonde Vijver Het verwijderen van vijverslib is een essenti\u00eble taak voor elke vijverliefhebber. Vijverslib ontstaat door de ophoping van organisch materiaal zoals dode bladeren, waterplanten en algen, evenals door invloeden van buitenaf zoals stof en niet-organisch afval. Deze sliblaag kan problemen veroorzaken, zoals vertroebeld water, slechte geur [&hellip;]<\/p>","protected":false},"author":4,"featured_media":0,"parent":11,"menu_order":6,"comment_status":"closed","ping_status":"closed","template":"","meta":{"_acf_changed":false,"iawp_total_views":794,"footnotes":""},"class_list":["post-420","page","type-page","status-publish","hentry"],"acf":[],"yoast_head":"<!-- This site is optimized with the Yoast SEO plugin v25.5 - https:\/\/yoast.com\/wordpress\/plugins\/seo\/ -->\n<title>Vijverslib Verwijderen [Stappenplan] | Zuurstofplanten<\/title>\n<meta name=\"description\" content=\"Vijverslib verwijderen kan een lastig klus zijn, er zijn betere manieren voor het vijverslib verwijderen. Bekijk ons stappenplan.\" \/>\n<meta name=\"robots\" content=\"index, follow, max-snippet:-1, max-image-preview:large, max-video-preview:-1\" \/>\n<link rel=\"canonical\" href=\"https:\/\/www.zuurstofplanten.net\/de\/wissensbasis\/entschlammung-von-teichen\/\" \/>\n<meta property=\"og:locale\" content=\"de_DE\" \/>\n<meta property=\"og:type\" content=\"article\" \/>\n<meta property=\"og:title\" content=\"Vijverslib Verwijderen [Stappenplan] | Zuurstofplanten\" \/>\n<meta property=\"og:description\" content=\"Vijverslib verwijderen kan een lastig klus zijn, er zijn betere manieren voor het vijverslib verwijderen. Bekijk ons stappenplan.\" \/>\n<meta property=\"og:url\" content=\"https:\/\/www.zuurstofplanten.net\/de\/wissensbasis\/entschlammung-von-teichen\/\" \/>\n<meta property=\"og:site_name\" content=\"Zuurstofplanten.net\" \/>\n<meta property=\"article:modified_time\" content=\"2025-07-07T12:42:32+00:00\" \/>\n<meta name=\"twitter:card\" content=\"summary_large_image\" \/>\n<meta name=\"twitter:label1\" content=\"Gesch\u00e4tzte Lesezeit\" \/>\n\t<meta name=\"twitter:data1\" content=\"5\u00a0Minuten\" \/>\n<script type=\"application\/ld+json\" class=\"yoast-schema-graph\">{\"@context\":\"https:\/\/schema.org\",\"@graph\":[{\"@type\":\"WebPage\",\"@id\":\"https:\/\/www.zuurstofplanten.net\/kennisbank\/vijverslib-verwijderen\/\",\"url\":\"https:\/\/www.zuurstofplanten.net\/kennisbank\/vijverslib-verwijderen\/\",\"name\":\"Vijverslib Verwijderen [Stappenplan] | Zuurstofplanten\",\"isPartOf\":{\"@id\":\"https:\/\/www.zuurstofplanten.net\/#website\"},\"datePublished\":\"2024-10-09T12:43:11+00:00\",\"dateModified\":\"2025-07-07T12:42:32+00:00\",\"description\":\"Vijverslib verwijderen kan een lastig klus zijn, er zijn betere manieren voor het vijverslib verwijderen. Bekijk ons stappenplan.\",\"breadcrumb\":{\"@id\":\"https:\/\/www.zuurstofplanten.net\/kennisbank\/vijverslib-verwijderen\/#breadcrumb\"},\"inLanguage\":\"de\",\"potentialAction\":[{\"@type\":\"ReadAction\",\"target\":[\"https:\/\/www.zuurstofplanten.net\/kennisbank\/vijverslib-verwijderen\/\"]}]},{\"@type\":\"BreadcrumbList\",\"@id\":\"https:\/\/www.zuurstofplanten.net\/kennisbank\/vijverslib-verwijderen\/#breadcrumb\",\"itemListElement\":[{\"@type\":\"ListItem\",\"position\":1,\"name\":\"Home\",\"item\":\"https:\/\/www.zuurstofplanten.net\/\"},{\"@type\":\"ListItem\",\"position\":2,\"name\":\"Kennisbank\",\"item\":\"https:\/\/www.zuurstofplanten.net\/kennisbank\/\"},{\"@type\":\"ListItem\",\"position\":3,\"name\":\"Vijverslib Verwijderen\"}]},{\"@type\":\"WebSite\",\"@id\":\"https:\/\/www.zuurstofplanten.net\/#website\",\"url\":\"https:\/\/www.zuurstofplanten.net\/\",\"name\":\"Zuurstofplanten.net\",\"description\":\"\",\"publisher\":{\"@id\":\"https:\/\/www.zuurstofplanten.net\/#organization\"},\"potentialAction\":[{\"@type\":\"SearchAction\",\"target\":{\"@type\":\"EntryPoint\",\"urlTemplate\":\"https:\/\/www.zuurstofplanten.net\/?s={search_term_string}\"},\"query-input\":{\"@type\":\"PropertyValueSpecification\",\"valueRequired\":true,\"valueName\":\"search_term_string\"}}],\"inLanguage\":\"de\"},{\"@type\":\"Organization\",\"@id\":\"https:\/\/www.zuurstofplanten.net\/#organization\",\"name\":\"Zuurstofplanten.net\",\"url\":\"https:\/\/www.zuurstofplanten.net\/\",\"logo\":{\"@type\":\"ImageObject\",\"inLanguage\":\"de\",\"@id\":\"https:\/\/www.zuurstofplanten.net\/#\/schema\/logo\/image\/\",\"url\":\"https:\/\/www.zuurstofplanten.net\/wp-content\/uploads\/2024\/10\/zuurstofplanten-logo-1.jpg\",\"contentUrl\":\"https:\/\/www.zuurstofplanten.net\/wp-content\/uploads\/2024\/10\/zuurstofplanten-logo-1.jpg\",\"width\":180,\"height\":60,\"caption\":\"Zuurstofplanten.net\"},\"image\":{\"@id\":\"https:\/\/www.zuurstofplanten.net\/#\/schema\/logo\/image\/\"}}]}<\/script>\n<!-- \/ Yoast SEO plugin. -->","yoast_head_json":{"title":"Entschlammung des Teiches [Schritt f\u00fcr Schritt] | Sauerstoffpflanzen","description":"Die Entfernung von Teichschlamm kann eine knifflige Aufgabe sein. Es gibt bessere Wege, Teichschlamm zu entfernen. Sehen Sie sich unsere Schritt-f\u00fcr-Schritt-Anleitung an.","robots":{"index":"index","follow":"follow","max-snippet":"max-snippet:-1","max-image-preview":"max-image-preview:large","max-video-preview":"max-video-preview:-1"},"canonical":"https:\/\/www.zuurstofplanten.net\/de\/wissensbasis\/entschlammung-von-teichen\/","og_locale":"de_DE","og_type":"article","og_title":"Vijverslib Verwijderen [Stappenplan] | Zuurstofplanten","og_description":"Vijverslib verwijderen kan een lastig klus zijn, er zijn betere manieren voor het vijverslib verwijderen. Bekijk ons stappenplan.","og_url":"https:\/\/www.zuurstofplanten.net\/de\/wissensbasis\/entschlammung-von-teichen\/","og_site_name":"Zuurstofplanten.net","article_modified_time":"2025-07-07T12:42:32+00:00","twitter_card":"summary_large_image","twitter_misc":{"Gesch\u00e4tzte Lesezeit":"5\u00a0Minuten"},"schema":{"@context":"https:\/\/schema.org","@graph":[{"@type":"WebPage","@id":"https:\/\/www.zuurstofplanten.net\/kennisbank\/vijverslib-verwijderen\/","url":"https:\/\/www.zuurstofplanten.net\/kennisbank\/vijverslib-verwijderen\/","name":"Entschlammung des Teiches [Schritt f\u00fcr Schritt] | Sauerstoffpflanzen","isPartOf":{"@id":"https:\/\/www.zuurstofplanten.net\/#website"},"datePublished":"2024-10-09T12:43:11+00:00","dateModified":"2025-07-07T12:42:32+00:00","description":"Die Entfernung von Teichschlamm kann eine knifflige Aufgabe sein. Es gibt bessere Wege, Teichschlamm zu entfernen. Sehen Sie sich unsere Schritt-f\u00fcr-Schritt-Anleitung an.","breadcrumb":{"@id":"https:\/\/www.zuurstofplanten.net\/kennisbank\/vijverslib-verwijderen\/#breadcrumb"},"inLanguage":"de","potentialAction":[{"@type":"ReadAction","target":["https:\/\/www.zuurstofplanten.net\/kennisbank\/vijverslib-verwijderen\/"]}]},{"@type":"BreadcrumbList","@id":"https:\/\/www.zuurstofplanten.net\/kennisbank\/vijverslib-verwijderen\/#breadcrumb","itemListElement":[{"@type":"ListItem","position":1,"name":"Home","item":"https:\/\/www.zuurstofplanten.net\/"},{"@type":"ListItem","position":2,"name":"Kennisbank","item":"https:\/\/www.zuurstofplanten.net\/kennisbank\/"},{"@type":"ListItem","position":3,"name":"Vijverslib Verwijderen"}]},{"@type":"WebSite","@id":"https:\/\/www.zuurstofplanten.net\/#website","url":"https:\/\/www.zuurstofplanten.net\/","name":"Zuurstofplanten.net","description":"","publisher":{"@id":"https:\/\/www.zuurstofplanten.net\/#organization"},"potentialAction":[{"@type":"SearchAction","target":{"@type":"EntryPoint","urlTemplate":"https:\/\/www.zuurstofplanten.net\/?s={search_term_string}"},"query-input":{"@type":"PropertyValueSpecification","valueRequired":true,"valueName":"search_term_string"}}],"inLanguage":"de"},{"@type":"Organization","@id":"https:\/\/www.zuurstofplanten.net\/#organization","name":"Zuurstofplanten.net","url":"https:\/\/www.zuurstofplanten.net\/","logo":{"@type":"ImageObject","inLanguage":"de","@id":"https:\/\/www.zuurstofplanten.net\/#\/schema\/logo\/image\/","url":"https:\/\/www.zuurstofplanten.net\/wp-content\/uploads\/2024\/10\/zuurstofplanten-logo-1.jpg","contentUrl":"https:\/\/www.zuurstofplanten.net\/wp-content\/uploads\/2024\/10\/zuurstofplanten-logo-1.jpg","width":180,"height":60,"caption":"Zuurstofplanten.net"},"image":{"@id":"https:\/\/www.zuurstofplanten.net\/#\/schema\/logo\/image\/"}}]}},"_links":{"self":[{"href":"https:\/\/www.zuurstofplanten.net\/de\/wp-json\/wp\/v2\/pages\/420"}],"collection":[{"href":"https:\/\/www.zuurstofplanten.net\/de\/wp-json\/wp\/v2\/pages"}],"about":[{"href":"https:\/\/www.zuurstofplanten.net\/de\/wp-json\/wp\/v2\/types\/page"}],"author":[{"embeddable":true,"href":"https:\/\/www.zuurstofplanten.net\/de\/wp-json\/wp\/v2\/users\/4"}],"replies":[{"embeddable":true,"href":"https:\/\/www.zuurstofplanten.net\/de\/wp-json\/wp\/v2\/comments?post=420"}],"version-history":[{"count":22,"href":"https:\/\/www.zuurstofplanten.net\/de\/wp-json\/wp\/v2\/pages\/420\/revisions"}],"predecessor-version":[{"id":2401,"href":"https:\/\/www.zuurstofplanten.net\/de\/wp-json\/wp\/v2\/pages\/420\/revisions\/2401"}],"up":[{"embeddable":true,"href":"https:\/\/www.zuurstofplanten.net\/de\/wp-json\/wp\/v2\/pages\/11"}],"wp:attachment":[{"href":"https:\/\/www.zuurstofplanten.net\/de\/wp-json\/wp\/v2\/media?parent=420"}],"curies":[{"name":"wp","href":"https:\/\/api.w.org\/{rel}","templated":true}]}}