{"id":390,"date":"2024-10-09T11:51:48","date_gmt":"2024-10-09T11:51:48","guid":{"rendered":"https:\/\/baselinkhosting.nl\/zuurstofplanten\/?page_id=390"},"modified":"2025-06-04T08:19:54","modified_gmt":"2025-06-04T08:19:54","slug":"sauerstoffpflanzen-kaufen","status":"publish","type":"page","link":"https:\/\/www.zuurstofplanten.net\/de\/sauerstoffpflanzen-kaufen\/","title":{"rendered":"Kauf von Sauerstoffpflanzen"},"content":{"rendered":"<div data-elementor-type=\"wp-page\" data-elementor-id=\"390\" class=\"elementor elementor-390\" data-elementor-post-type=\"page\">\n\t\t\t\t<div class=\"elementor-element elementor-element-13ce743 e-flex e-con-boxed e-con e-parent\" data-id=\"13ce743\" data-element_type=\"container\" data-e-type=\"container\" data-settings=\"{&quot;background_background&quot;:&quot;classic&quot;}\">\n\t\t\t\t\t<div class=\"e-con-inner\">\n\t\t\t\t<div class=\"elementor-element elementor-element-93a4db6 elementor-widget elementor-widget-heading\" data-id=\"93a4db6\" data-element_type=\"widget\" data-e-type=\"widget\" data-widget_type=\"heading.default\">\n\t\t\t\t<div class=\"elementor-widget-container\">\n\t\t\t\t\t<h1 class=\"elementor-heading-title elementor-size-default\">Kauf von Sauerstoffpflanzen<\/h1>\t\t\t\t<\/div>\n\t\t\t\t<\/div>\n\t\t\t\t<div class=\"elementor-element elementor-element-88fda61 elementor-widget elementor-widget-breadcrumbs\" data-id=\"88fda61\" data-element_type=\"widget\" data-e-type=\"widget\" data-widget_type=\"breadcrumbs.default\">\n\t\t\t\t<div class=\"elementor-widget-container\">\n\t\t\t\t\t<p id=\"breadcrumbs\"><span><span><a href=\"https:\/\/www.zuurstofplanten.net\/de\/\">Startseite<\/a><\/span><\/span><\/p>\t\t\t\t<\/div>\n\t\t\t\t<\/div>\n\t\t\t\t\t<\/div>\n\t\t\t\t<\/div>\n\t\t<div class=\"elementor-element elementor-element-904aeb9 e-flex e-con-boxed e-con e-parent\" data-id=\"904aeb9\" data-element_type=\"container\" data-e-type=\"container\">\n\t\t\t\t\t<div class=\"e-con-inner\">\n\t\t\t\t<div class=\"elementor-element elementor-element-4276300 elementor-widget elementor-widget-heading\" data-id=\"4276300\" data-element_type=\"widget\" data-e-type=\"widget\" data-widget_type=\"heading.default\">\n\t\t\t\t<div class=\"elementor-widget-container\">\n\t\t\t\t\t<h2 class=\"elementor-heading-title elementor-size-default\">Wo kann ich Sauerstoffpflanzen kaufen?<\/h2>\t\t\t\t<\/div>\n\t\t\t\t<\/div>\n\t\t\t\t<div class=\"elementor-element elementor-element-5701b58 elementor-widget elementor-widget-text-editor\" data-id=\"5701b58\" data-element_type=\"widget\" data-e-type=\"widget\" data-widget_type=\"text-editor.default\">\n\t\t\t\t<div class=\"elementor-widget-container\">\n\t\t\t\t\t\t\t\t\t<p>Alle Arten von Sauerstoffpflanzen, die Sie auf dieser Website finden, sind von hoher Qualit\u00e4t und werden \u00fcber unseren Vertriebspartner verkauft <a href=\"https:\/\/vijvermeester.nl\/zuurstofplanten.html?&amp;utm_source=affiliate&amp;utm_medium=partner&amp;utm_campaign=zuurstofplanten_net&amp;utm_content=zuurstofplanten_kopen\" rel=\"nofollow\">Vijvermeester.nl<\/a>. In diesem Webshop k\u00f6nnen Sie aus verschiedenen Arten von Pflanzen w\u00e4hlen, die pro 10 Str\u00e4u\u00dfe verkauft werden. Seit kurzem haben wir auch ein\u00a0<a title=\"Paket mit 10 Str\u00e4u\u00dfen von Sauerstoffpflanzen\" href=\"https:\/\/vijvermeester.nl\/zuurstofplanten-pakket-voor-vijver.html?&amp;utm_source=affiliate&amp;utm_medium=partner&amp;utm_campaign=zuurstofplanten_net&amp;utm_content=zuurstofplantenpakket_voor_vijver\" target=\"_blank\" rel=\"nofollow noopener\">Spezialpaket<\/a>\u00a0mit Sauerstoffpflanzen, 10 Str\u00e4u\u00dfen verschiedener Pflanzen (einschlie\u00dflich\u00a0<a title=\"Hornblatt\" href=\"https:\/\/www.zuurstofplanten.net\/de\/sauerstoffpflanzen\/feines-hornblatt\/\">Hornblatt<\/a>,\u00a0<a title=\"Wassergras\" href=\"https:\/\/www.zuurstofplanten.net\/de\/sauerstoffpflanzen\/wasserpflanze\/\">Wassergras<\/a>\u00a0und\u00a0<a title=\"Teichkraut\" href=\"https:\/\/www.zuurstofplanten.net\/de\/sauerstoffpflanzen\/laichkraut\/\">Teichkraut<\/a>) von hoher Qualit\u00e4t f\u00fcr nur 24,95 \u20ac. Die Sauerstoffpflanzen werden feucht in einer wasserdichten Verpackung versandt, so dass sie per Paketpost verschickt werden k\u00f6nnen und Sie sie nicht unbedingt abholen m\u00fcssen. Es ist nat\u00fcrlich wichtig, dass die Sauerstoffpflanzen so schnell wie m\u00f6glich nach Erhalt ins Wasser kommen.<\/p>\t\t\t\t\t\t\t\t<\/div>\n\t\t\t\t<\/div>\n\t\t\t\t<div class=\"elementor-element elementor-element-59e7869 elementor-widget elementor-widget-heading\" data-id=\"59e7869\" data-element_type=\"widget\" data-e-type=\"widget\" data-widget_type=\"heading.default\">\n\t\t\t\t<div class=\"elementor-widget-container\">\n\t\t\t\t\t<h2 class=\"elementor-heading-title elementor-size-default\">Wie viele Sauerstoffpflanzen sollte ich kaufen?<\/h2>\t\t\t\t<\/div>\n\t\t\t\t<\/div>\n\t\t\t\t<div class=\"elementor-element elementor-element-e646a7d elementor-widget elementor-widget-text-editor\" data-id=\"e646a7d\" data-element_type=\"widget\" data-e-type=\"widget\" data-widget_type=\"text-editor.default\">\n\t\t\t\t<div class=\"elementor-widget-container\">\n\t\t\t\t\t\t\t\t\t<p>Wie viele Sauerstoffpflanzen Sie ben\u00f6tigen, h\u00e4ngt vom Volumen Ihres Teiches ab. Vier bis f\u00fcnf B\u00fcschel Sauerstoffpflanzen pro Kubikmeter Teichvolumen bringen die besten Ergebnisse in Bezug auf Sauerstoff und Klarheit. Au\u00dferdem halten Sie mit dieser Anzahl die Algen im Teich unter Kontrolle, weil die Sauerstoffpflanzen mit den Algen um die N\u00e4hrstoffe im Wasser konkurrieren. Oft wird aus Kostengr\u00fcnden eine geringere Anzahl von Sauerstoffpflanzen gew\u00e4hlt, was jedoch zu wesentlich schlechteren Ergebnissen f\u00fchrt!<\/p>\t\t\t\t\t\t\t\t<\/div>\n\t\t\t\t<\/div>\n\t\t\t\t<div class=\"elementor-element elementor-element-b3d5981 elementor-widget elementor-widget-heading\" data-id=\"b3d5981\" data-element_type=\"widget\" data-e-type=\"widget\" data-widget_type=\"heading.default\">\n\t\t\t\t<div class=\"elementor-widget-container\">\n\t\t\t\t\t<h2 class=\"elementor-heading-title elementor-size-default\">Bestimmung des Teichinhalts<\/h2>\t\t\t\t<\/div>\n\t\t\t\t<\/div>\n\t\t\t\t<div class=\"elementor-element elementor-element-50a0180 elementor-widget elementor-widget-text-editor\" data-id=\"50a0180\" data-element_type=\"widget\" data-e-type=\"widget\" data-widget_type=\"text-editor.default\">\n\t\t\t\t<div class=\"elementor-widget-container\">\n\t\t\t\t\t\t\t\t\t<p>Sie k\u00f6nnen das Volumen Ihres Teiches auf verschiedene Weise berechnen.<\/p><p>Haben Sie einen runden Teich? Sie bestimmen zun\u00e4chst den Radius des Teiches in Metern. Der Radius ist die H\u00e4lfte des Durchmessers. Dann messen Sie die Tiefe in Metern.<\/p><p>Auf dem Taschenrechner k\u00f6nnen Sie dann 3,14 x Radius x Radius x Tiefe des Teiches eingeben. Jetzt haben Sie die Anzahl der Kubikmeter. Dies k\u00f6nnte zum Beispiel 0,92 m3 sein, runden Sie es auf.<\/p><p><strong>Berechnungsbeispiel<\/strong>Wenn Sie einen runden Teich mit einer durchschnittlichen Tiefe von 1 m und einem Radius von 50 cm (0,5 m) haben, ben\u00f6tigen Sie 3,14 x 0,5 x 0,5 x 1 = 0,785 m3.<\/p><p>Das Volumen eines rechteckigen Teichs ist einfacher zu bestimmen. Sie messen die L\u00e4nge und Breite des Teichs in Metern und bestimmen dann die Tiefe in Metern. In den Taschenrechner geben Sie dann ein: Breite Teich x L\u00e4nge Teich x Tiefe Teich. Nun haben Sie das Volumen des Teiches in Kubikmetern auf dem Bildschirm.<\/p><p><strong>Berechnungsbeispiel<\/strong>Bei einer L\u00e4nge von 1,5 m, einer Breite von 2 m und einer Tiefe von 1,20 m sind das 1,5 x 2 x 1,2 = 3,6 m3.<\/p>\t\t\t\t\t\t\t\t<\/div>\n\t\t\t\t<\/div>\n\t\t\t\t<div class=\"elementor-element elementor-element-7485f20 elementor-widget elementor-widget-heading\" data-id=\"7485f20\" data-element_type=\"widget\" data-e-type=\"widget\" data-widget_type=\"heading.default\">\n\t\t\t\t<div class=\"elementor-widget-container\">\n\t\t\t\t\t<h2 class=\"elementor-heading-title elementor-size-default\">Kauf von Sauerstoffpflanzen?<\/h2>\t\t\t\t<\/div>\n\t\t\t\t<\/div>\n\t\t\t\t<div class=\"elementor-element elementor-element-adecdca elementor-widget elementor-widget-text-editor\" data-id=\"adecdca\" data-element_type=\"widget\" data-e-type=\"widget\" data-widget_type=\"text-editor.default\">\n\t\t\t\t<div class=\"elementor-widget-container\">\n\t\t\t\t\t\t\t\t\tBei unserem Vertriebspartner<a href=\"https:\/\/vijvermeester.nl\/zuurstofplanten.html?&#038;utm_source=affiliate&#038;utm_medium=partner&#038;utm_campaign=zuurstofplanten_net&#038;utm_content=zuurstofplanten_kopen\" rel=\"nofollow\">\u00a0Vijvermeester.nl<\/a>\u00a0verschiedene Arten von Sauerstoffpflanzen werden w\u00e4hrend der Saison zum Verkauf angeboten, schauen Sie doch mal rein!\t\t\t\t\t\t\t\t<\/div>\n\t\t\t\t<\/div>\n\t\t\t\t\t<\/div>\n\t\t\t\t<\/div>\n\t\t\t\t<\/div>","protected":false},"excerpt":{"rendered":"<p>Kauf von Sauerstoffpflanzen Wo kann ich Sauerstoffpflanzen kaufen? Alle Arten von Sauerstoffpflanzen, die Sie auf dieser Website finden, sind von hoher Qualit\u00e4t und werden \u00fcber unseren Vertriebspartner Vijvermeester.nl verkauft. In diesem Webshop k\u00f6nnen Sie aus verschiedenen Arten von Pflanzen w\u00e4hlen, die pro 10 Str\u00e4u\u00dfe verkauft werden. Seit kurzem haben wir auch ein spezielles Paket von Sauerstoffpflanzen, 10 Str\u00e4u\u00dfe von [...]<\/p>","protected":false},"author":4,"featured_media":0,"parent":0,"menu_order":6,"comment_status":"closed","ping_status":"closed","template":"","meta":{"_acf_changed":false,"iawp_total_views":277,"footnotes":""},"class_list":["post-390","page","type-page","status-publish","hentry"],"acf":[],"yoast_head":"<!-- This site is optimized with the Yoast SEO plugin v25.5 - https:\/\/yoast.com\/wordpress\/plugins\/seo\/ -->\n<title>Zuurstofplanten Kopen? Bekijk het assortiment en meer informatie!<\/title>\n<meta name=\"description\" content=\"Zuurstofplanten zijn te koop via onze verkooppartner Vijvermeester.nl. Lees hier meer over zuurstofplanten en de voordelen ervan.\" \/>\n<meta name=\"robots\" content=\"index, follow, max-snippet:-1, max-image-preview:large, max-video-preview:-1\" \/>\n<link rel=\"canonical\" href=\"https:\/\/www.zuurstofplanten.net\/de\/sauerstoffpflanzen-kaufen\/\" \/>\n<meta property=\"og:locale\" content=\"de_DE\" \/>\n<meta property=\"og:type\" content=\"article\" \/>\n<meta property=\"og:title\" content=\"Zuurstofplanten Kopen? Bekijk het assortiment en meer informatie!\" \/>\n<meta property=\"og:description\" content=\"Zuurstofplanten zijn te koop via onze verkooppartner Vijvermeester.nl. Lees hier meer over zuurstofplanten en de voordelen ervan.\" \/>\n<meta property=\"og:url\" content=\"https:\/\/www.zuurstofplanten.net\/de\/sauerstoffpflanzen-kaufen\/\" \/>\n<meta property=\"og:site_name\" content=\"Zuurstofplanten.net\" \/>\n<meta property=\"article:modified_time\" content=\"2025-06-04T08:19:54+00:00\" \/>\n<meta name=\"twitter:card\" content=\"summary_large_image\" \/>\n<meta name=\"twitter:label1\" content=\"Gesch\u00e4tzte Lesezeit\" \/>\n\t<meta name=\"twitter:data1\" content=\"3\u00a0Minuten\" \/>\n<script type=\"application\/ld+json\" class=\"yoast-schema-graph\">{\"@context\":\"https:\/\/schema.org\",\"@graph\":[{\"@type\":\"WebPage\",\"@id\":\"https:\/\/www.zuurstofplanten.net\/zuurstofplanten-kopen\/\",\"url\":\"https:\/\/www.zuurstofplanten.net\/zuurstofplanten-kopen\/\",\"name\":\"Zuurstofplanten Kopen? Bekijk het assortiment en meer informatie!\",\"isPartOf\":{\"@id\":\"https:\/\/www.zuurstofplanten.net\/#website\"},\"datePublished\":\"2024-10-09T11:51:48+00:00\",\"dateModified\":\"2025-06-04T08:19:54+00:00\",\"description\":\"Zuurstofplanten zijn te koop via onze verkooppartner Vijvermeester.nl. Lees hier meer over zuurstofplanten en de voordelen ervan.\",\"breadcrumb\":{\"@id\":\"https:\/\/www.zuurstofplanten.net\/zuurstofplanten-kopen\/#breadcrumb\"},\"inLanguage\":\"de\",\"potentialAction\":[{\"@type\":\"ReadAction\",\"target\":[\"https:\/\/www.zuurstofplanten.net\/zuurstofplanten-kopen\/\"]}]},{\"@type\":\"BreadcrumbList\",\"@id\":\"https:\/\/www.zuurstofplanten.net\/zuurstofplanten-kopen\/#breadcrumb\",\"itemListElement\":[{\"@type\":\"ListItem\",\"position\":1,\"name\":\"Home\",\"item\":\"https:\/\/www.zuurstofplanten.net\/\"},{\"@type\":\"ListItem\",\"position\":2,\"name\":\"Zuurstofplanten Kopen\"}]},{\"@type\":\"WebSite\",\"@id\":\"https:\/\/www.zuurstofplanten.net\/#website\",\"url\":\"https:\/\/www.zuurstofplanten.net\/\",\"name\":\"Zuurstofplanten.net\",\"description\":\"\",\"publisher\":{\"@id\":\"https:\/\/www.zuurstofplanten.net\/#organization\"},\"potentialAction\":[{\"@type\":\"SearchAction\",\"target\":{\"@type\":\"EntryPoint\",\"urlTemplate\":\"https:\/\/www.zuurstofplanten.net\/?s={search_term_string}\"},\"query-input\":{\"@type\":\"PropertyValueSpecification\",\"valueRequired\":true,\"valueName\":\"search_term_string\"}}],\"inLanguage\":\"de\"},{\"@type\":\"Organization\",\"@id\":\"https:\/\/www.zuurstofplanten.net\/#organization\",\"name\":\"Zuurstofplanten.net\",\"url\":\"https:\/\/www.zuurstofplanten.net\/\",\"logo\":{\"@type\":\"ImageObject\",\"inLanguage\":\"de\",\"@id\":\"https:\/\/www.zuurstofplanten.net\/#\/schema\/logo\/image\/\",\"url\":\"https:\/\/www.zuurstofplanten.net\/wp-content\/uploads\/2024\/10\/zuurstofplanten-logo-1.jpg\",\"contentUrl\":\"https:\/\/www.zuurstofplanten.net\/wp-content\/uploads\/2024\/10\/zuurstofplanten-logo-1.jpg\",\"width\":180,\"height\":60,\"caption\":\"Zuurstofplanten.net\"},\"image\":{\"@id\":\"https:\/\/www.zuurstofplanten.net\/#\/schema\/logo\/image\/\"}}]}<\/script>\n<!-- \/ Yoast SEO plugin. -->","yoast_head_json":{"title":"Sauerstoffpflanzen kaufen? Sehen Sie sich das Sortiment und weitere Informationen an!","description":"Sauerstoffpflanzen k\u00f6nnen Sie \u00fcber unseren Vertriebspartner Vijvermeester.nl kaufen. Lesen Sie hier mehr \u00fcber Sauerstoffpflanzen und ihre Vorteile.","robots":{"index":"index","follow":"follow","max-snippet":"max-snippet:-1","max-image-preview":"max-image-preview:large","max-video-preview":"max-video-preview:-1"},"canonical":"https:\/\/www.zuurstofplanten.net\/de\/sauerstoffpflanzen-kaufen\/","og_locale":"de_DE","og_type":"article","og_title":"Zuurstofplanten Kopen? Bekijk het assortiment en meer informatie!","og_description":"Zuurstofplanten zijn te koop via onze verkooppartner Vijvermeester.nl. Lees hier meer over zuurstofplanten en de voordelen ervan.","og_url":"https:\/\/www.zuurstofplanten.net\/de\/sauerstoffpflanzen-kaufen\/","og_site_name":"Zuurstofplanten.net","article_modified_time":"2025-06-04T08:19:54+00:00","twitter_card":"summary_large_image","twitter_misc":{"Gesch\u00e4tzte Lesezeit":"3\u00a0Minuten"},"schema":{"@context":"https:\/\/schema.org","@graph":[{"@type":"WebPage","@id":"https:\/\/www.zuurstofplanten.net\/zuurstofplanten-kopen\/","url":"https:\/\/www.zuurstofplanten.net\/zuurstofplanten-kopen\/","name":"Sauerstoffpflanzen kaufen? Sehen Sie sich das Sortiment und weitere Informationen an!","isPartOf":{"@id":"https:\/\/www.zuurstofplanten.net\/#website"},"datePublished":"2024-10-09T11:51:48+00:00","dateModified":"2025-06-04T08:19:54+00:00","description":"Sauerstoffpflanzen k\u00f6nnen Sie \u00fcber unseren Vertriebspartner Vijvermeester.nl kaufen. Lesen Sie hier mehr \u00fcber Sauerstoffpflanzen und ihre Vorteile.","breadcrumb":{"@id":"https:\/\/www.zuurstofplanten.net\/zuurstofplanten-kopen\/#breadcrumb"},"inLanguage":"de","potentialAction":[{"@type":"ReadAction","target":["https:\/\/www.zuurstofplanten.net\/zuurstofplanten-kopen\/"]}]},{"@type":"BreadcrumbList","@id":"https:\/\/www.zuurstofplanten.net\/zuurstofplanten-kopen\/#breadcrumb","itemListElement":[{"@type":"ListItem","position":1,"name":"Home","item":"https:\/\/www.zuurstofplanten.net\/"},{"@type":"ListItem","position":2,"name":"Zuurstofplanten Kopen"}]},{"@type":"WebSite","@id":"https:\/\/www.zuurstofplanten.net\/#website","url":"https:\/\/www.zuurstofplanten.net\/","name":"Zuurstofplanten.net","description":"","publisher":{"@id":"https:\/\/www.zuurstofplanten.net\/#organization"},"potentialAction":[{"@type":"SearchAction","target":{"@type":"EntryPoint","urlTemplate":"https:\/\/www.zuurstofplanten.net\/?s={search_term_string}"},"query-input":{"@type":"PropertyValueSpecification","valueRequired":true,"valueName":"search_term_string"}}],"inLanguage":"de"},{"@type":"Organization","@id":"https:\/\/www.zuurstofplanten.net\/#organization","name":"Zuurstofplanten.net","url":"https:\/\/www.zuurstofplanten.net\/","logo":{"@type":"ImageObject","inLanguage":"de","@id":"https:\/\/www.zuurstofplanten.net\/#\/schema\/logo\/image\/","url":"https:\/\/www.zuurstofplanten.net\/wp-content\/uploads\/2024\/10\/zuurstofplanten-logo-1.jpg","contentUrl":"https:\/\/www.zuurstofplanten.net\/wp-content\/uploads\/2024\/10\/zuurstofplanten-logo-1.jpg","width":180,"height":60,"caption":"Zuurstofplanten.net"},"image":{"@id":"https:\/\/www.zuurstofplanten.net\/#\/schema\/logo\/image\/"}}]}},"_links":{"self":[{"href":"https:\/\/www.zuurstofplanten.net\/de\/wp-json\/wp\/v2\/pages\/390"}],"collection":[{"href":"https:\/\/www.zuurstofplanten.net\/de\/wp-json\/wp\/v2\/pages"}],"about":[{"href":"https:\/\/www.zuurstofplanten.net\/de\/wp-json\/wp\/v2\/types\/page"}],"author":[{"embeddable":true,"href":"https:\/\/www.zuurstofplanten.net\/de\/wp-json\/wp\/v2\/users\/4"}],"replies":[{"embeddable":true,"href":"https:\/\/www.zuurstofplanten.net\/de\/wp-json\/wp\/v2\/comments?post=390"}],"version-history":[{"count":19,"href":"https:\/\/www.zuurstofplanten.net\/de\/wp-json\/wp\/v2\/pages\/390\/revisions"}],"predecessor-version":[{"id":2048,"href":"https:\/\/www.zuurstofplanten.net\/de\/wp-json\/wp\/v2\/pages\/390\/revisions\/2048"}],"wp:attachment":[{"href":"https:\/\/www.zuurstofplanten.net\/de\/wp-json\/wp\/v2\/media?parent=390"}],"curies":[{"name":"wp","href":"https:\/\/api.w.org\/{rel}","templated":true}]}}