{"id":34,"date":"2024-10-09T10:49:12","date_gmt":"2024-10-09T10:49:12","guid":{"rendered":"https:\/\/baselinkhosting.nl\/zuurstofplanten\/?page_id=34"},"modified":"2025-05-23T15:03:32","modified_gmt":"2025-05-23T15:03:32","slug":"sauerstoffhaltige-wasserpflanzen","status":"publish","type":"page","link":"https:\/\/www.zuurstofplanten.net\/de\/wissensbasis\/sauerstoffhaltige-wasserpflanzen\/","title":{"rendered":"Wasserpflanzen Sauerstoffproduktion"},"content":{"rendered":"<div data-elementor-type=\"wp-page\" data-elementor-id=\"34\" class=\"elementor elementor-34\" data-elementor-post-type=\"page\">\n\t\t\t\t<div class=\"elementor-element elementor-element-f21ee02 e-flex e-con-boxed e-con e-parent\" data-id=\"f21ee02\" data-element_type=\"container\" data-e-type=\"container\" data-settings=\"{&quot;background_background&quot;:&quot;classic&quot;}\">\n\t\t\t\t\t<div class=\"e-con-inner\">\n\t\t\t\t<div class=\"elementor-element elementor-element-e12992a elementor-widget elementor-widget-heading\" data-id=\"e12992a\" data-element_type=\"widget\" data-e-type=\"widget\" data-widget_type=\"heading.default\">\n\t\t\t\t<div class=\"elementor-widget-container\">\n\t\t\t\t\t<h1 class=\"elementor-heading-title elementor-size-default\">Welche Wasserpflanzen sind f\u00fcr die Sauerstoffproduktion geeignet?<\/h1>\t\t\t\t<\/div>\n\t\t\t\t<\/div>\n\t\t\t\t<div class=\"elementor-element elementor-element-a163416 elementor-widget elementor-widget-breadcrumbs\" data-id=\"a163416\" data-element_type=\"widget\" data-e-type=\"widget\" data-widget_type=\"breadcrumbs.default\">\n\t\t\t\t<div class=\"elementor-widget-container\">\n\t\t\t\t\t<p id=\"breadcrumbs\"><span><span><a href=\"https:\/\/www.zuurstofplanten.net\/de\/\">Startseite<\/a><\/span><\/span><\/p>\t\t\t\t<\/div>\n\t\t\t\t<\/div>\n\t\t\t\t\t<\/div>\n\t\t\t\t<\/div>\n\t\t<div class=\"elementor-element elementor-element-f319bf9 e-flex e-con-boxed e-con e-parent\" data-id=\"f319bf9\" data-element_type=\"container\" data-e-type=\"container\">\n\t\t\t\t\t<div class=\"e-con-inner\">\n\t\t\t\t<div class=\"elementor-element elementor-element-6b807d2 elementor-widget elementor-widget-heading\" data-id=\"6b807d2\" data-element_type=\"widget\" data-e-type=\"widget\" data-widget_type=\"heading.default\">\n\t\t\t\t<div class=\"elementor-widget-container\">\n\t\t\t\t\t<h2 class=\"elementor-heading-title elementor-size-default\">Sauerstoffproduzierende Wasserpflanzen<\/h2>\t\t\t\t<\/div>\n\t\t\t\t<\/div>\n\t\t\t\t<div class=\"elementor-element elementor-element-44568c4 elementor-widget elementor-widget-text-editor\" data-id=\"44568c4\" data-element_type=\"widget\" data-e-type=\"widget\" data-widget_type=\"text-editor.default\">\n\t\t\t\t<div class=\"elementor-widget-container\">\n\t\t\t\t\t\t\t\t\t<p>Eine ausreichende Versorgung mit Sauerstoff ist f\u00fcr die Wasserqualit\u00e4t Ihres Teiches unerl\u00e4sslich. Geschieht dies nicht \u00fcber eine Teichpumpe oder Wasserpflanzen, k\u00f6nnen sich Algen bilden. Es gibt mehrere M\u00f6glichkeiten, die Sauerstoffversorgung Ihres Teiches zu gew\u00e4hrleisten. Zum einen k\u00f6nnen Sie eine Teichpumpe einsetzen, die das Teichwasser wie in einem Aquarium mit Sauerstoff versorgt. Eine andere M\u00f6glichkeit ist\u00a0<strong>Sauerstoffpflanzen\u00a0<\/strong>zu Ihrem Teich. Das ist nicht nur eine sehr organische Methode, sondern auch eine, die Ihren Teich versch\u00f6nert.<\/p>\t\t\t\t\t\t\t\t<\/div>\n\t\t\t\t<\/div>\n\t\t\t\t<div class=\"elementor-element elementor-element-ffbaeda elementor-widget elementor-widget-heading\" data-id=\"ffbaeda\" data-element_type=\"widget\" data-e-type=\"widget\" data-widget_type=\"heading.default\">\n\t\t\t\t<div class=\"elementor-widget-container\">\n\t\t\t\t\t<h2 class=\"elementor-heading-title elementor-size-default\">Welche Wasserpflanzen geben Sauerstoff ab?<\/h2>\t\t\t\t<\/div>\n\t\t\t\t<\/div>\n\t\t\t\t<div class=\"elementor-element elementor-element-709a239 elementor-widget elementor-widget-text-editor\" data-id=\"709a239\" data-element_type=\"widget\" data-e-type=\"widget\" data-widget_type=\"text-editor.default\">\n\t\t\t\t<div class=\"elementor-widget-container\">\n\t\t\t\t\t\t\t\t\t<p>Es gibt verschiedene Arten von Sauerstoffpflanzen in allen Formen und Gr\u00f6\u00dfen. Das Gl\u00e4nzende Teichkraut und das Feine Hornblatt zum Beispiel sind haupts\u00e4chlich auf dem Grund aktiv, w\u00e4hrend das Schwimmende Teichkraut und die Krebsbeere auch \u00fcber der Wasseroberfl\u00e4che aktiv sind und sch\u00f6ne Bl\u00fcten tragen. Es gibt eine Menge interessanter Arten:<\/p>\t\t\t\t\t\t\t\t<\/div>\n\t\t\t\t<\/div>\n\t\t\t\t<div class=\"elementor-element elementor-element-f889f46 elementor-widget elementor-widget-heading\" data-id=\"f889f46\" data-element_type=\"widget\" data-e-type=\"widget\" data-widget_type=\"heading.default\">\n\t\t\t\t<div class=\"elementor-widget-container\">\n\t\t\t\t\t<h3 class=\"elementor-heading-title elementor-size-default\">Schwimmendes Teichkraut<\/h3>\t\t\t\t<\/div>\n\t\t\t\t<\/div>\n\t\t\t\t<div class=\"elementor-element elementor-element-59c0643 elementor-widget elementor-widget-image\" data-id=\"59c0643\" data-element_type=\"widget\" data-e-type=\"widget\" data-widget_type=\"image.default\">\n\t\t\t\t<div class=\"elementor-widget-container\">\n\t\t\t\t\t\t\t\t\t\t\t\t\t\t\t<img fetchpriority=\"high\" decoding=\"async\" width=\"300\" height=\"199\" src=\"https:\/\/www.zuurstofplanten.net\/wp-content\/uploads\/2024\/10\/drijvend_fonteinkruid-300x199.jpg\" class=\"attachment-medium size-medium wp-image-91\" alt=\"\" srcset=\"https:\/\/www.zuurstofplanten.net\/wp-content\/uploads\/2024\/10\/drijvend_fonteinkruid-300x199.jpg 300w, https:\/\/www.zuurstofplanten.net\/wp-content\/uploads\/2024\/10\/drijvend_fonteinkruid.jpg 650w\" sizes=\"(max-width: 300px) 100vw, 300px\" \/>\t\t\t\t\t\t\t\t\t\t\t\t\t\t\t<\/div>\n\t\t\t\t<\/div>\n\t\t\t\t<div class=\"elementor-element elementor-element-e464316 elementor-widget elementor-widget-text-editor\" data-id=\"e464316\" data-element_type=\"widget\" data-e-type=\"widget\" data-widget_type=\"text-editor.default\">\n\t\t\t\t<div class=\"elementor-widget-container\">\n\t\t\t\t\t\t\t\t\t<p>Diese Sauerstoffpflanze wurzelt im Boden und sorgt mit ihren Schwimmbl\u00e4ttern daf\u00fcr, dass sie einen Schatten auf den Teichboden wirft. So haben Schwebealgen keine Chance.<\/p>\t\t\t\t\t\t\t\t<\/div>\n\t\t\t\t<\/div>\n\t\t\t\t<div class=\"elementor-element elementor-element-248c88d elementor-widget elementor-widget-heading\" data-id=\"248c88d\" data-element_type=\"widget\" data-e-type=\"widget\" data-widget_type=\"heading.default\">\n\t\t\t\t<div class=\"elementor-widget-container\">\n\t\t\t\t\t<h3 class=\"elementor-heading-title elementor-size-default\">Gro\u00dfer Wasser-Hahnenfu\u00df<\/h3>\t\t\t\t<\/div>\n\t\t\t\t<\/div>\n\t\t\t\t<div class=\"elementor-element elementor-element-a2d3392 elementor-widget elementor-widget-text-editor\" data-id=\"a2d3392\" data-element_type=\"widget\" data-e-type=\"widget\" data-widget_type=\"text-editor.default\">\n\t\t\t\t<div class=\"elementor-widget-container\">\n\t\t\t\t\t\t\t\t\t<p>Dies ist eine sch\u00f6ne Sauerstoffpflanze, die auch \u00fcber der Wasseroberfl\u00e4che aktiv ist. Diese Pflanze versorgt Ihren Teich mit Sauerstoff und bietet au\u00dferdem sch\u00f6ne wei\u00dfe Bl\u00fcten, die \u00fcber das Wasser ragen.<\/p>\t\t\t\t\t\t\t\t<\/div>\n\t\t\t\t<\/div>\n\t\t\t\t<div class=\"elementor-element elementor-element-5b45b26 elementor-widget elementor-widget-heading\" data-id=\"5b45b26\" data-element_type=\"widget\" data-e-type=\"widget\" data-widget_type=\"heading.default\">\n\t\t\t\t<div class=\"elementor-widget-container\">\n\t\t\t\t\t<h3 class=\"elementor-heading-title elementor-size-default\">Gl\u00e4nzendes Teichkraut<\/h3>\t\t\t\t<\/div>\n\t\t\t\t<\/div>\n\t\t\t\t<div class=\"elementor-element elementor-element-f9fe900 elementor-widget elementor-widget-text-editor\" data-id=\"f9fe900\" data-element_type=\"widget\" data-e-type=\"widget\" data-widget_type=\"text-editor.default\">\n\t\t\t\t<div class=\"elementor-widget-container\">\n\t\t\t\t\t\t\t\t\t<p>Eine der meistverkauften sauerstoffliefernden Wasserpflanzen. Diese Art geh\u00f6rt zur Familie der Teichkr\u00e4uter (gekr\u00e4uselt, gekr\u00e4uselt, etc.) und hat gro\u00dfe Bl\u00e4tter, die eine echte Bereicherung f\u00fcr die Unterwasserlandschaft sind.<\/p>\t\t\t\t\t\t\t\t<\/div>\n\t\t\t\t<\/div>\n\t\t\t\t<div class=\"elementor-element elementor-element-3bcfd64 elementor-widget elementor-widget-heading\" data-id=\"3bcfd64\" data-element_type=\"widget\" data-e-type=\"widget\" data-widget_type=\"heading.default\">\n\t\t\t\t<div class=\"elementor-widget-container\">\n\t\t\t\t\t<h2 class=\"elementor-heading-title elementor-size-default\">Kauf von Sauerstoffpflanzen?<\/h2>\t\t\t\t<\/div>\n\t\t\t\t<\/div>\n\t\t\t\t<div class=\"elementor-element elementor-element-d29cec1 elementor-widget elementor-widget-text-editor\" data-id=\"d29cec1\" data-element_type=\"widget\" data-e-type=\"widget\" data-widget_type=\"text-editor.default\">\n\t\t\t\t<div class=\"elementor-widget-container\">\n\t\t\t\t\t\t\t\t\tBei unserem Vertriebspartner<a href=\"https:\/\/vijvermeester.nl\/zuurstofplanten.html?utm_source=affiliate&amp;utm_medium=partner&amp;utm_campaign=zuurstofplanten_net&amp;utm_content=zuurstofplanten_kopen\" rel=\"nofollow\">\u00a0Vijvermeester.nl<\/a>\u00a0verschiedene Arten von Sauerstoffpflanzen werden w\u00e4hrend der Saison zum Verkauf angeboten, schauen Sie doch mal rein!\t\t\t\t\t\t\t\t<\/div>\n\t\t\t\t<\/div>\n\t\t\t\t\t<\/div>\n\t\t\t\t<\/div>\n\t\t\t\t<\/div>","protected":false},"excerpt":{"rendered":"<p>Welke Waterplanten zijn geschikt voor Zuurstofproductie? Zuurstofproducerende Waterplanten Voldoende toevoer van zuurstof is van essentieel belang voor de waterkwaliteit van uw vijver. Wanneer dit namelijk niet gebeurd middels een vijverpomp of waterplanten kunnen er algen ontstaan. Er zijn meerdere manieren om ervoor te zorgen dat de toevoer van zuurstof naar uw vijver gewaarborgd blijft. Enerzijds [&hellip;]<\/p>","protected":false},"author":4,"featured_media":0,"parent":11,"menu_order":2,"comment_status":"closed","ping_status":"closed","template":"","meta":{"_acf_changed":false,"iawp_total_views":285,"footnotes":""},"class_list":["post-34","page","type-page","status-publish","hentry"],"acf":[],"yoast_head":"<!-- This site is optimized with the Yoast SEO plugin v25.5 - https:\/\/yoast.com\/wordpress\/plugins\/seo\/ -->\n<title>Welke Waterplanten voor Zuurstofproductie? | Zuurstofplanten<\/title>\n<meta name=\"description\" content=\"Waterplanten die zuurstof geven zijn essentieel voor een gezonde vijver zonder algengroei. Lees hier alles over.\" \/>\n<meta name=\"robots\" content=\"index, follow, max-snippet:-1, max-image-preview:large, max-video-preview:-1\" \/>\n<link rel=\"canonical\" href=\"https:\/\/www.zuurstofplanten.net\/de\/wissensbasis\/sauerstoffhaltige-wasserpflanzen\/\" \/>\n<meta property=\"og:locale\" content=\"de_DE\" \/>\n<meta property=\"og:type\" content=\"article\" \/>\n<meta property=\"og:title\" content=\"Welke Waterplanten voor Zuurstofproductie? | Zuurstofplanten\" \/>\n<meta property=\"og:description\" content=\"Waterplanten die zuurstof geven zijn essentieel voor een gezonde vijver zonder algengroei. Lees hier alles over.\" \/>\n<meta property=\"og:url\" content=\"https:\/\/www.zuurstofplanten.net\/de\/wissensbasis\/sauerstoffhaltige-wasserpflanzen\/\" \/>\n<meta property=\"og:site_name\" content=\"Zuurstofplanten.net\" \/>\n<meta property=\"article:modified_time\" content=\"2025-05-23T15:03:32+00:00\" \/>\n<meta property=\"og:image\" content=\"https:\/\/www.zuurstofplanten.net\/wp-content\/uploads\/2024\/10\/drijvend_fonteinkruid.jpg\" \/>\n\t<meta property=\"og:image:width\" content=\"650\" \/>\n\t<meta property=\"og:image:height\" content=\"431\" \/>\n\t<meta property=\"og:image:type\" content=\"image\/jpeg\" \/>\n<meta name=\"twitter:card\" content=\"summary_large_image\" \/>\n<meta name=\"twitter:label1\" content=\"Gesch\u00e4tzte Lesezeit\" \/>\n\t<meta name=\"twitter:data1\" content=\"2\u00a0Minuten\" \/>\n<script type=\"application\/ld+json\" class=\"yoast-schema-graph\">{\"@context\":\"https:\/\/schema.org\",\"@graph\":[{\"@type\":\"WebPage\",\"@id\":\"https:\/\/www.zuurstofplanten.net\/kennisbank\/waterplanten-die-zuurstof-geven\/\",\"url\":\"https:\/\/www.zuurstofplanten.net\/kennisbank\/waterplanten-die-zuurstof-geven\/\",\"name\":\"Welke Waterplanten voor Zuurstofproductie? | Zuurstofplanten\",\"isPartOf\":{\"@id\":\"https:\/\/www.zuurstofplanten.net\/#website\"},\"primaryImageOfPage\":{\"@id\":\"https:\/\/www.zuurstofplanten.net\/kennisbank\/waterplanten-die-zuurstof-geven\/#primaryimage\"},\"image\":{\"@id\":\"https:\/\/www.zuurstofplanten.net\/kennisbank\/waterplanten-die-zuurstof-geven\/#primaryimage\"},\"thumbnailUrl\":\"https:\/\/www.zuurstofplanten.net\/wp-content\/uploads\/2024\/10\/drijvend_fonteinkruid-300x199.jpg\",\"datePublished\":\"2024-10-09T10:49:12+00:00\",\"dateModified\":\"2025-05-23T15:03:32+00:00\",\"description\":\"Waterplanten die zuurstof geven zijn essentieel voor een gezonde vijver zonder algengroei. Lees hier alles over.\",\"breadcrumb\":{\"@id\":\"https:\/\/www.zuurstofplanten.net\/kennisbank\/waterplanten-die-zuurstof-geven\/#breadcrumb\"},\"inLanguage\":\"de\",\"potentialAction\":[{\"@type\":\"ReadAction\",\"target\":[\"https:\/\/www.zuurstofplanten.net\/kennisbank\/waterplanten-die-zuurstof-geven\/\"]}]},{\"@type\":\"ImageObject\",\"inLanguage\":\"de\",\"@id\":\"https:\/\/www.zuurstofplanten.net\/kennisbank\/waterplanten-die-zuurstof-geven\/#primaryimage\",\"url\":\"https:\/\/www.zuurstofplanten.net\/wp-content\/uploads\/2024\/10\/drijvend_fonteinkruid-300x199.jpg\",\"contentUrl\":\"https:\/\/www.zuurstofplanten.net\/wp-content\/uploads\/2024\/10\/drijvend_fonteinkruid-300x199.jpg\"},{\"@type\":\"BreadcrumbList\",\"@id\":\"https:\/\/www.zuurstofplanten.net\/kennisbank\/waterplanten-die-zuurstof-geven\/#breadcrumb\",\"itemListElement\":[{\"@type\":\"ListItem\",\"position\":1,\"name\":\"Home\",\"item\":\"https:\/\/www.zuurstofplanten.net\/\"},{\"@type\":\"ListItem\",\"position\":2,\"name\":\"Kennisbank\",\"item\":\"https:\/\/www.zuurstofplanten.net\/kennisbank\/\"},{\"@type\":\"ListItem\",\"position\":3,\"name\":\"Waterplanten Zuurstofproductie\"}]},{\"@type\":\"WebSite\",\"@id\":\"https:\/\/www.zuurstofplanten.net\/#website\",\"url\":\"https:\/\/www.zuurstofplanten.net\/\",\"name\":\"Zuurstofplanten.net\",\"description\":\"\",\"publisher\":{\"@id\":\"https:\/\/www.zuurstofplanten.net\/#organization\"},\"potentialAction\":[{\"@type\":\"SearchAction\",\"target\":{\"@type\":\"EntryPoint\",\"urlTemplate\":\"https:\/\/www.zuurstofplanten.net\/?s={search_term_string}\"},\"query-input\":{\"@type\":\"PropertyValueSpecification\",\"valueRequired\":true,\"valueName\":\"search_term_string\"}}],\"inLanguage\":\"de\"},{\"@type\":\"Organization\",\"@id\":\"https:\/\/www.zuurstofplanten.net\/#organization\",\"name\":\"Zuurstofplanten.net\",\"url\":\"https:\/\/www.zuurstofplanten.net\/\",\"logo\":{\"@type\":\"ImageObject\",\"inLanguage\":\"de\",\"@id\":\"https:\/\/www.zuurstofplanten.net\/#\/schema\/logo\/image\/\",\"url\":\"https:\/\/www.zuurstofplanten.net\/wp-content\/uploads\/2024\/10\/zuurstofplanten-logo-1.jpg\",\"contentUrl\":\"https:\/\/www.zuurstofplanten.net\/wp-content\/uploads\/2024\/10\/zuurstofplanten-logo-1.jpg\",\"width\":180,\"height\":60,\"caption\":\"Zuurstofplanten.net\"},\"image\":{\"@id\":\"https:\/\/www.zuurstofplanten.net\/#\/schema\/logo\/image\/\"}}]}<\/script>\n<!-- \/ Yoast SEO plugin. -->","yoast_head_json":{"title":"Welche Wasserpflanzen f\u00fcr die Sauerstoffproduktion | Sauerstoffpflanzen","description":"Wasserpflanzen, die Sauerstoff liefern, sind f\u00fcr einen gesunden Teich ohne Algenwachstum unerl\u00e4sslich. Lesen Sie hier alles dar\u00fcber.","robots":{"index":"index","follow":"follow","max-snippet":"max-snippet:-1","max-image-preview":"max-image-preview:large","max-video-preview":"max-video-preview:-1"},"canonical":"https:\/\/www.zuurstofplanten.net\/de\/wissensbasis\/sauerstoffhaltige-wasserpflanzen\/","og_locale":"de_DE","og_type":"article","og_title":"Welke Waterplanten voor Zuurstofproductie? | Zuurstofplanten","og_description":"Waterplanten die zuurstof geven zijn essentieel voor een gezonde vijver zonder algengroei. Lees hier alles over.","og_url":"https:\/\/www.zuurstofplanten.net\/de\/wissensbasis\/sauerstoffhaltige-wasserpflanzen\/","og_site_name":"Zuurstofplanten.net","article_modified_time":"2025-05-23T15:03:32+00:00","og_image":[{"width":650,"height":431,"url":"https:\/\/www.zuurstofplanten.net\/wp-content\/uploads\/2024\/10\/drijvend_fonteinkruid.jpg","type":"image\/jpeg"}],"twitter_card":"summary_large_image","twitter_misc":{"Gesch\u00e4tzte Lesezeit":"2\u00a0Minuten"},"schema":{"@context":"https:\/\/schema.org","@graph":[{"@type":"WebPage","@id":"https:\/\/www.zuurstofplanten.net\/kennisbank\/waterplanten-die-zuurstof-geven\/","url":"https:\/\/www.zuurstofplanten.net\/kennisbank\/waterplanten-die-zuurstof-geven\/","name":"Welche Wasserpflanzen f\u00fcr die Sauerstoffproduktion | Sauerstoffpflanzen","isPartOf":{"@id":"https:\/\/www.zuurstofplanten.net\/#website"},"primaryImageOfPage":{"@id":"https:\/\/www.zuurstofplanten.net\/kennisbank\/waterplanten-die-zuurstof-geven\/#primaryimage"},"image":{"@id":"https:\/\/www.zuurstofplanten.net\/kennisbank\/waterplanten-die-zuurstof-geven\/#primaryimage"},"thumbnailUrl":"https:\/\/www.zuurstofplanten.net\/wp-content\/uploads\/2024\/10\/drijvend_fonteinkruid-300x199.jpg","datePublished":"2024-10-09T10:49:12+00:00","dateModified":"2025-05-23T15:03:32+00:00","description":"Wasserpflanzen, die Sauerstoff liefern, sind f\u00fcr einen gesunden Teich ohne Algenwachstum unerl\u00e4sslich. Lesen Sie hier alles dar\u00fcber.","breadcrumb":{"@id":"https:\/\/www.zuurstofplanten.net\/kennisbank\/waterplanten-die-zuurstof-geven\/#breadcrumb"},"inLanguage":"de","potentialAction":[{"@type":"ReadAction","target":["https:\/\/www.zuurstofplanten.net\/kennisbank\/waterplanten-die-zuurstof-geven\/"]}]},{"@type":"ImageObject","inLanguage":"de","@id":"https:\/\/www.zuurstofplanten.net\/kennisbank\/waterplanten-die-zuurstof-geven\/#primaryimage","url":"https:\/\/www.zuurstofplanten.net\/wp-content\/uploads\/2024\/10\/drijvend_fonteinkruid-300x199.jpg","contentUrl":"https:\/\/www.zuurstofplanten.net\/wp-content\/uploads\/2024\/10\/drijvend_fonteinkruid-300x199.jpg"},{"@type":"BreadcrumbList","@id":"https:\/\/www.zuurstofplanten.net\/kennisbank\/waterplanten-die-zuurstof-geven\/#breadcrumb","itemListElement":[{"@type":"ListItem","position":1,"name":"Home","item":"https:\/\/www.zuurstofplanten.net\/"},{"@type":"ListItem","position":2,"name":"Kennisbank","item":"https:\/\/www.zuurstofplanten.net\/kennisbank\/"},{"@type":"ListItem","position":3,"name":"Waterplanten Zuurstofproductie"}]},{"@type":"WebSite","@id":"https:\/\/www.zuurstofplanten.net\/#website","url":"https:\/\/www.zuurstofplanten.net\/","name":"Zuurstofplanten.net","description":"","publisher":{"@id":"https:\/\/www.zuurstofplanten.net\/#organization"},"potentialAction":[{"@type":"SearchAction","target":{"@type":"EntryPoint","urlTemplate":"https:\/\/www.zuurstofplanten.net\/?s={search_term_string}"},"query-input":{"@type":"PropertyValueSpecification","valueRequired":true,"valueName":"search_term_string"}}],"inLanguage":"de"},{"@type":"Organization","@id":"https:\/\/www.zuurstofplanten.net\/#organization","name":"Zuurstofplanten.net","url":"https:\/\/www.zuurstofplanten.net\/","logo":{"@type":"ImageObject","inLanguage":"de","@id":"https:\/\/www.zuurstofplanten.net\/#\/schema\/logo\/image\/","url":"https:\/\/www.zuurstofplanten.net\/wp-content\/uploads\/2024\/10\/zuurstofplanten-logo-1.jpg","contentUrl":"https:\/\/www.zuurstofplanten.net\/wp-content\/uploads\/2024\/10\/zuurstofplanten-logo-1.jpg","width":180,"height":60,"caption":"Zuurstofplanten.net"},"image":{"@id":"https:\/\/www.zuurstofplanten.net\/#\/schema\/logo\/image\/"}}]}},"_links":{"self":[{"href":"https:\/\/www.zuurstofplanten.net\/de\/wp-json\/wp\/v2\/pages\/34"}],"collection":[{"href":"https:\/\/www.zuurstofplanten.net\/de\/wp-json\/wp\/v2\/pages"}],"about":[{"href":"https:\/\/www.zuurstofplanten.net\/de\/wp-json\/wp\/v2\/types\/page"}],"author":[{"embeddable":true,"href":"https:\/\/www.zuurstofplanten.net\/de\/wp-json\/wp\/v2\/users\/4"}],"replies":[{"embeddable":true,"href":"https:\/\/www.zuurstofplanten.net\/de\/wp-json\/wp\/v2\/comments?post=34"}],"version-history":[{"count":11,"href":"https:\/\/www.zuurstofplanten.net\/de\/wp-json\/wp\/v2\/pages\/34\/revisions"}],"predecessor-version":[{"id":1965,"href":"https:\/\/www.zuurstofplanten.net\/de\/wp-json\/wp\/v2\/pages\/34\/revisions\/1965"}],"up":[{"embeddable":true,"href":"https:\/\/www.zuurstofplanten.net\/de\/wp-json\/wp\/v2\/pages\/11"}],"wp:attachment":[{"href":"https:\/\/www.zuurstofplanten.net\/de\/wp-json\/wp\/v2\/media?parent=34"}],"curies":[{"name":"wp","href":"https:\/\/api.w.org\/{rel}","templated":true}]}}