{"id":25,"date":"2024-10-09T10:25:05","date_gmt":"2024-10-09T10:25:05","guid":{"rendered":"https:\/\/baselinkhosting.nl\/zuurstofplanten\/?page_id=25"},"modified":"2025-05-23T15:02:34","modified_gmt":"2025-05-23T15:02:34","slug":"wie-viele-sauerstoffpflanzen-in-einem-teich","status":"publish","type":"page","link":"https:\/\/www.zuurstofplanten.net\/de\/wissensbasis\/wie-viele-sauerstoffpflanzen-in-einem-teich\/","title":{"rendered":"Wie viele Sauerstoffpflanzen im Teich?"},"content":{"rendered":"<div data-elementor-type=\"wp-page\" data-elementor-id=\"25\" class=\"elementor elementor-25\" data-elementor-post-type=\"page\">\n\t\t\t\t<div class=\"elementor-element elementor-element-a688228 e-flex e-con-boxed e-con e-parent\" data-id=\"a688228\" data-element_type=\"container\" data-e-type=\"container\" data-settings=\"{&quot;background_background&quot;:&quot;classic&quot;}\">\n\t\t\t\t\t<div class=\"e-con-inner\">\n\t\t\t\t<div class=\"elementor-element elementor-element-3736620 elementor-widget elementor-widget-heading\" data-id=\"3736620\" data-element_type=\"widget\" data-e-type=\"widget\" data-widget_type=\"heading.default\">\n\t\t\t\t<div class=\"elementor-widget-container\">\n\t\t\t\t\t<h1 class=\"elementor-heading-title elementor-size-default\">Wie viele Sauerstoffpflanzen in meinem Teich?<\/h1>\t\t\t\t<\/div>\n\t\t\t\t<\/div>\n\t\t\t\t<div class=\"elementor-element elementor-element-9c2fba1 elementor-widget elementor-widget-breadcrumbs\" data-id=\"9c2fba1\" data-element_type=\"widget\" data-e-type=\"widget\" data-widget_type=\"breadcrumbs.default\">\n\t\t\t\t<div class=\"elementor-widget-container\">\n\t\t\t\t\t<p id=\"breadcrumbs\"><span><span><a href=\"https:\/\/www.zuurstofplanten.net\/de\/\">Startseite<\/a><\/span><\/span><\/p>\t\t\t\t<\/div>\n\t\t\t\t<\/div>\n\t\t\t\t\t<\/div>\n\t\t\t\t<\/div>\n\t\t<div class=\"elementor-element elementor-element-98b258f e-flex e-con-boxed e-con e-parent\" data-id=\"98b258f\" data-element_type=\"container\" data-e-type=\"container\">\n\t\t\t\t\t<div class=\"e-con-inner\">\n\t\t\t\t<div class=\"elementor-element elementor-element-9009087 elementor-widget elementor-widget-heading\" data-id=\"9009087\" data-element_type=\"widget\" data-e-type=\"widget\" data-widget_type=\"heading.default\">\n\t\t\t\t<div class=\"elementor-widget-container\">\n\t\t\t\t\t<h2 class=\"elementor-heading-title elementor-size-default\">Berechnen Sie anhand der nachstehenden Tabelle, wie viele Sauerstoffpflanzen Sie ben\u00f6tigen<\/h2>\t\t\t\t<\/div>\n\t\t\t\t<\/div>\n\t\t\t\t<div class=\"elementor-element elementor-element-37341a1 elementor-widget elementor-widget-text-editor\" data-id=\"37341a1\" data-element_type=\"widget\" data-e-type=\"widget\" data-widget_type=\"text-editor.default\">\n\t\t\t\t<div class=\"elementor-widget-container\">\n\t\t\t\t\t\t\t\t\t<p>Het is zonde om ieder jaar weer nieuwe waterplanten te moeten kopen die door aanhoudende vorst kapot gaan en daardoor niet meer optimaal zuurstof aan het vijverwater kunnen toevoegen. Winterharde waterplanten of zuurstofplanten bieden de oplossing. Deze waterplanten zijn gewend aan lage temperaturen en blijven hun zuurstof afgevende functie behouden. Zo zorgt u ervoor dat de waterkwaliteit van uw vijver ook in de winter optimaal is.<\/p>\t\t\t\t\t\t\t\t<\/div>\n\t\t\t\t<\/div>\n\t\t\t\t<div class=\"elementor-element elementor-element-9f15b08 elementor-widget elementor-widget-html\" data-id=\"9f15b08\" data-element_type=\"widget\" data-e-type=\"widget\" data-widget_type=\"html.default\">\n\t\t\t\t<div class=\"elementor-widget-container\">\n\t\t\t\t\t<!DOCTYPE html>\r\n<html lang=\"nl\">\r\n<head>\r\n  <meta charset=\"UTF-8\">\r\n  <meta name=\"viewport\" content=\"width=device-width, initial-scale=1.0\">\r\n  <title>Groves-Rechner<\/title>\r\n  <script src=\"https:\/\/cdn.tailwindcss.com\"><\/script>\r\n  <style>\r\n    body {\r\n      font-family: 'Poppins', sans-serif;\r\n    }\r\n    .emoji {\r\n      font-size: 28px;\r\n    }\r\n  <\/style>\r\n<\/head>\r\n<body class=\"py-10 px-4\">\r\n  <div class=\"max-w-4xl mx-auto bg-white rounded-3xl shadow-xl overflow-hidden\">\r\n    <div class=\"bg-green-500 px-6 py-6 text-white\">\r\n      <h1 class=\"text-3xl font-bold text-white\">Groves-Rechner<\/h1>\r\n      <p class=\"text-sm\">Berechnen Sie anhand der Literzahl, wie viele Trauben Sie ben\u00f6tigen<\/p>\r\n    <\/div>\r\n    <div class=\"grid grid-cols-1 md:grid-cols-2 gap-6 p-6\">\r\n      <!-- Input -->\r\n      <div>\r\n        <h2 class=\"text-xl font-semibold mb-4 text-green-700\">Geben Sie Ihre Daten ein<\/h2>\r\n        <label class=\"block text-sm font-medium text-gray-700 mb-1\">Anzahl der Liter<\/label>\r\n        <div class=\"flex items-center space-x-2 mb-3\">\r\n          <input id=\"inputLiters\" type=\"number\" min=\"0\" max=\"3000\" value=\"350\" class=\"w-full p-3 border border-gray-300 rounded-lg\">\r\n          <span class=\"text-gray-600\">Liter<\/span>\r\n        <\/div>\r\n        <div class=\"mt-6\">\r\n          <h3 class=\"font-medium text-sm mb-2 text-green-700\">Schnelle Auswahl<\/h3>\r\n          <div class=\"grid grid-cols-3 gap-2\">\r\n            <button class=\"quick-btn bg-white border border-gray-200 rounded-lg py-2 text-sm\" data-value=\"100\">100 Liter<\/button>\r\n            <button class=\"quick-btn bg-white border border-gray-200 rounded-lg py-2 text-sm\" data-value=\"500\">500 Liter<\/button>\r\n            <button class=\"quick-btn bg-white border border-gray-200 rounded-lg py-2 text-sm\" data-value=\"1000\">1000 Liter<\/button>\r\n            <button class=\"quick-btn bg-white border border-gray-200 rounded-lg py-2 text-sm\" data-value=\"1500\">1500 Liter<\/button>\r\n            <button class=\"quick-btn bg-white border border-gray-200 rounded-lg py-2 text-sm\" data-value=\"2000\">2000 Liter<\/button>\r\n            <button class=\"quick-btn bg-white border border-gray-200 rounded-lg py-2 text-sm\" data-value=\"2500\">2.500 Liter<\/button>\r\n          <\/div>\r\n        <\/div>\r\n        <div class=\"mt-6 bg-green-50 text-green-800 text-sm p-4 rounded-lg border border-green-200\">\r\n          <p><strong class=\"inline-flex items-center\"><svg class=\"w-4 h-4 mr-1\" fill=\"none\" stroke=\"currentColor\" viewbox=\"0 0 24 24\"><path stroke-linecap=\"round\" stroke-linejoin=\"round\" stroke-width=\"2\" d=\"M13 16h-1v-4h-1m1-4h.01M21 12a9 9 0 11-18 0 9 9 0 0118 0z\" \/><\/svg> Wie funktioniert das?<\/strong><br>\r\n          Geben Sie die Literzahl ein und lassen Sie sich sofort beraten, wie viele Scheffel Sie ben\u00f6tigen. Bei Mengen \u00fcber 2000 Litern empfehlen wir Ihnen, uns f\u00fcr eine pers\u00f6nliche Beratung zu kontaktieren.<\/p>\r\n        <\/div>\r\n      <\/div>\r\n\r\n      <!-- Result -->\r\n      <div>\r\n        <h2 class=\"text-xl font-semibold mb-4 text-green-700\">Ihr Ergebnis<\/h2>\r\n        <div id=\"resultBox\" class=\"text-center border rounded-lg p-4 mb-6\">\r\n          <p class=\"text-gray-700 mb-2\">F\u00fcr <span id=\"displayLiters\">350<\/span> Liter ben\u00f6tigt:<\/p>\r\n          <p id=\"bosjesText\" class=\"text-2xl font-bold text-green-600\">2 Str\u00e4u\u00dfe<\/p>\r\n          <div id=\"iconsContainer\" class=\"flex justify-center mt-3 space-x-1\"><\/div>\r\n        <\/div>\r\n\r\n        <div class=\"bg-gray-50 rounded-lg p-4\">\r\n          <h3 class=\"font-medium text-green-700 mb-2\">Referenztabelle<\/h3>\r\n          <ul class=\"text-sm text-gray-600 space-y-1\">\r\n            <li class=\"flex justify-between\"><span>&lt; 200 Liter<\/span><span>1 B\u00fcndel<\/span><\/li>\r\n            <li class=\"flex justify-between\"><span>200-400 Liter<\/span><span>2 Str\u00e4u\u00dfe<\/span><\/li>\r\n            <li class=\"flex justify-between\"><span>400-600 Liter<\/span><span>3 Str\u00e4u\u00dfe<\/span><\/li>\r\n            <li class=\"flex justify-between\"><span>600-800 Liter<\/span><span>4 Str\u00e4u\u00dfe<\/span><\/li>\r\n            <li class=\"flex justify-between\"><span>800-1000 Liter<\/span><span>5 Str\u00e4u\u00dfe<\/span><\/li>\r\n            <li class=\"flex justify-between\"><span>1000-2000 Liter<\/span><span>5 bis 10 Str\u00e4ucher<\/span><\/li>\r\n            <li class=\"flex justify-between font-semibold\"><span>&gt; 2000 Liter<\/span><span class=\"text-green-600\"><a href=\"mailto:info@dutchwatertech.nl\" class=\"text-green-600 underline\">Kontakt aufnehmen<\/a><\/span><\/li>\r\n          <\/ul>\r\n        <\/div>\r\n      <\/div>\r\n    <\/div>\r\n  <\/div>\r\n\r\n  <script>\r\n    const inputLiters = document.getElementById('inputLiters');\r\n    const displayLiters = document.getElementById('displayLiters');\r\n    const bosjesText = document.getElementById('bosjesText');\r\n    const iconsContainer = document.getElementById('iconsContainer');\r\n    const quickBtns = document.querySelectorAll('.quick-btn');\r\n\r\n    const icon = '<span class=\"emoji\">\ud83c\udf3f<\/span>';\r\n\r\n    function calculateBosjes(liters) {\r\n      if (liters < 200) return 1;\r\n      if (liters < 400) return 2;\r\n      if (liters < 600) return 3;\r\n      if (liters < 800) return 4;\r\n      if (liters < 1000) return 5;\r\n      if (liters <= 2000) return Math.round(5 + ((liters - 1000) \/ 1000 * 5));\r\n      return \"contact\";\r\n    }\r\n\r\n    function updateUI() {\r\n      const liters = parseInt(inputLiters.value);\r\n      displayLiters.textContent = liters.toLocaleString('nl-NL');\r\n      const result = calculateBosjes(liters);\r\n\r\n      if (result === \"contact\") {\r\n        bosjesText.innerHTML = '<a href=\"mailto:info@dutchwatertech.nl\" class=\"text-green-600 underline\">Neem contact op<\/a>';\r\n        iconsContainer.innerHTML = '';\r\n      } else {\r\n        bosjesText.textContent = `${result} ${result === 1 ? 'bosje' : 'bosjes'}`;\r\n        iconsContainer.innerHTML = icon.repeat(result);\r\n      }\r\n    }\r\n\r\n    inputLiters.addEventListener('input', updateUI);\r\n\r\n    quickBtns.forEach(btn => {\r\n      btn.addEventListener('click', () => {\r\n        const value = btn.getAttribute('data-value');\r\n        inputLiters.value = value;\r\n        updateUI();\r\n      });\r\n    });\r\n\r\n    updateUI();\r\n  <\/script>\r\n<\/body>\r\n<\/html>\r\n\t\t\t\t<\/div>\n\t\t\t\t<\/div>\n\t\t\t\t<div class=\"elementor-element elementor-element-c66920d elementor-widget elementor-widget-heading\" data-id=\"c66920d\" data-element_type=\"widget\" data-e-type=\"widget\" data-widget_type=\"heading.default\">\n\t\t\t\t<div class=\"elementor-widget-container\">\n\t\t\t\t\t<h2 class=\"elementor-heading-title elementor-size-default\">Kauf von Sauerstoffpflanzen?<\/h2>\t\t\t\t<\/div>\n\t\t\t\t<\/div>\n\t\t\t\t<div class=\"elementor-element elementor-element-814d6c5 elementor-widget elementor-widget-text-editor\" data-id=\"814d6c5\" data-element_type=\"widget\" data-e-type=\"widget\" data-widget_type=\"text-editor.default\">\n\t\t\t\t<div class=\"elementor-widget-container\">\n\t\t\t\t\t\t\t\t\tBei unserem Vertriebspartner<a href=\"https:\/\/vijvermeester.nl\/zuurstofplanten.html?utm_source=affiliate&amp;utm_medium=partner&amp;utm_campaign=zuurstofplanten_net&amp;utm_content=zuurstofplanten_kopen\" rel=\"nofollow\">\u00a0Vijvermeester.nl<\/a>\u00a0verschiedene Arten von Sauerstoffpflanzen werden w\u00e4hrend der Saison zum Verkauf angeboten, schauen Sie doch mal rein!\t\t\t\t\t\t\t\t<\/div>\n\t\t\t\t<\/div>\n\t\t\t\t<div class=\"elementor-element elementor-element-4b0e865 elementor-widget elementor-widget-heading\" data-id=\"4b0e865\" data-element_type=\"widget\" data-e-type=\"widget\" data-widget_type=\"heading.default\">\n\t\t\t\t<div class=\"elementor-widget-container\">\n\t\t\t\t\t<h2 class=\"elementor-heading-title elementor-size-default\">Warum sind Sauerstoffpflanzen wichtig f\u00fcr das Gleichgewicht im Teich?<\/h2>\t\t\t\t<\/div>\n\t\t\t\t<\/div>\n\t\t\t\t<div class=\"elementor-element elementor-element-6dd3f8e elementor-widget elementor-widget-text-editor\" data-id=\"6dd3f8e\" data-element_type=\"widget\" data-e-type=\"widget\" data-widget_type=\"text-editor.default\">\n\t\t\t\t<div class=\"elementor-widget-container\">\n\t\t\t\t\t\t\t\t\t<p>Sauerstoffpflanzen produzieren durch Photosynthese Sauerstoff, der f\u00fcr Fische und n\u00fctzliche Bakterien wichtig ist. Sie konkurrieren mit Algen um N\u00e4hrstoffe und reduzieren so das Algenwachstum. Ohne gen\u00fcgend Sauerstoffpflanzen wird das Wasser schnell tr\u00fcb und die Fische k\u00f6nnen atemlos werden.<\/p>\t\t\t\t\t\t\t\t<\/div>\n\t\t\t\t<\/div>\n\t\t\t\t<div class=\"elementor-element elementor-element-6b70cbd elementor-widget elementor-widget-heading\" data-id=\"6b70cbd\" data-element_type=\"widget\" data-e-type=\"widget\" data-widget_type=\"heading.default\">\n\t\t\t\t<div class=\"elementor-widget-container\">\n\t\t\t\t\t<h2 class=\"elementor-heading-title elementor-size-default\">Installation und Wartung von Sauerstoffanlagen\n<\/h2>\t\t\t\t<\/div>\n\t\t\t\t<\/div>\n\t\t\t\t<div class=\"elementor-element elementor-element-0f79613 elementor-widget elementor-widget-text-editor\" data-id=\"0f79613\" data-element_type=\"widget\" data-e-type=\"widget\" data-widget_type=\"text-editor.default\">\n\t\t\t\t<div class=\"elementor-widget-container\">\n\t\t\t\t\t\t\t\t\t<p>Sauerstoffpflanzen funktionieren am besten, wenn sie sich in der richtigen Tiefe im Wasser befinden, normalerweise zwischen 40 und 80 Zentimetern. Abgestorbene oder verrottende Teile sollten regelm\u00e4\u00dfig entfernt werden, um die Pflanze gesund und die Sauerstoffproduktion hoch zu halten.<\/p>\t\t\t\t\t\t\t\t<\/div>\n\t\t\t\t<\/div>\n\t\t\t\t<div class=\"elementor-element elementor-element-22d1afd elementor-widget elementor-widget-heading\" data-id=\"22d1afd\" data-element_type=\"widget\" data-e-type=\"widget\" data-widget_type=\"heading.default\">\n\t\t\t\t<div class=\"elementor-widget-container\">\n\t\t\t\t\t<h2 class=\"elementor-heading-title elementor-size-default\">\u00dcberwintern des Teiches\n<\/h2>\t\t\t\t<\/div>\n\t\t\t\t<\/div>\n\t\t\t\t<div class=\"elementor-element elementor-element-875e0be elementor-widget elementor-widget-text-editor\" data-id=\"875e0be\" data-element_type=\"widget\" data-e-type=\"widget\" data-widget_type=\"text-editor.default\">\n\t\t\t\t<div class=\"elementor-widget-container\">\n\t\t\t\t\t\t\t\t\t<p>\u00dcberwintern Sie winterharte Arten wie Hornkraut oder Wasserpest im Teich. Nicht winterharte Arten k\u00f6nnen im Haus untergebracht werden. Vermeiden Sie ein vollst\u00e4ndiges Einfrieren der Wasseroberfl\u00e4che, um den Gasaustausch zu erm\u00f6glichen.<\/p>\t\t\t\t\t\t\t\t<\/div>\n\t\t\t\t<\/div>\n\t\t\t\t<div class=\"elementor-element elementor-element-e4a64f7 elementor-widget elementor-widget-heading\" data-id=\"e4a64f7\" data-element_type=\"widget\" data-e-type=\"widget\" data-widget_type=\"heading.default\">\n\t\t\t\t<div class=\"elementor-widget-container\">\n\t\t\t\t\t<h2 class=\"elementor-heading-title elementor-size-default\">Welche Arten von Sauerstoffpflanzen sind zu w\u00e4hlen?\n<\/h2>\t\t\t\t<\/div>\n\t\t\t\t<\/div>\n\t\t\t\t<div class=\"elementor-element elementor-element-664c56d elementor-widget elementor-widget-text-editor\" data-id=\"664c56d\" data-element_type=\"widget\" data-e-type=\"widget\" data-widget_type=\"text-editor.default\">\n\t\t\t\t<div class=\"elementor-widget-container\">\n\t\t\t\t\t\t\t\t\t<h2>\u00a0<\/h2><p>W\u00e4hlen Sie vorzugsweise einheimische, schnell wachsende Arten wie Hornkraut, Wasserfranse oder Gl\u00e4nzendes Teichkraut. Diese Pflanzen sind effektiv, robust und passen sich gut an wechselnde Bedingungen an.<\/p>\t\t\t\t\t\t\t\t<\/div>\n\t\t\t\t<\/div>\n\t\t\t\t<div class=\"elementor-element elementor-element-6f6c2ad elementor-widget elementor-widget-heading\" data-id=\"6f6c2ad\" data-element_type=\"widget\" data-e-type=\"widget\" data-widget_type=\"heading.default\">\n\t\t\t\t<div class=\"elementor-widget-container\">\n\t\t\t\t\t<h2 class=\"elementor-heading-title elementor-size-default\">H\u00e4ufige Fehler bei Sauerstoffpflanzen<\/h2>\t\t\t\t<\/div>\n\t\t\t\t<\/div>\n\t\t\t\t<div class=\"elementor-element elementor-element-fb65c0e elementor-widget elementor-widget-text-editor\" data-id=\"fb65c0e\" data-element_type=\"widget\" data-e-type=\"widget\" data-widget_type=\"text-editor.default\">\n\t\t\t\t<div class=\"elementor-widget-container\">\n\t\t\t\t\t\t\t\t\t<p>- Zu wenig Pflanzen pro Liter Wasser<br \/>- Verwendung von Teichfolien ohne Substrat, was die Bewurzelung erschwert<br \/>- Kombination mit Fischarten, die ungesch\u00fctzt Pflanzen fressen (z. B. Koi)<\/p>\t\t\t\t\t\t\t\t<\/div>\n\t\t\t\t<\/div>\n\t\t\t\t\t<\/div>\n\t\t\t\t<\/div>\n\t\t\t\t<\/div>","protected":false},"excerpt":{"rendered":"<p>Hoeveel Zuurstofplanten in mijn Vijver? Bereken hoeveel zuurstofplanten u nodig heeft met het onderstaande rekenschema Het is zonde om ieder jaar weer nieuwe waterplanten te moeten kopen die door aanhoudende vorst kapot gaan en daardoor niet meer optimaal zuurstof aan het vijverwater kunnen toevoegen. Winterharde waterplanten of zuurstofplanten bieden de oplossing. Deze waterplanten zijn gewend [&hellip;]<\/p>","protected":false},"author":4,"featured_media":0,"parent":11,"menu_order":1,"comment_status":"closed","ping_status":"closed","template":"","meta":{"_acf_changed":false,"iawp_total_views":482,"footnotes":""},"class_list":["post-25","page","type-page","status-publish","hentry"],"acf":[],"yoast_head":"<!-- This site is optimized with the Yoast SEO plugin v25.5 - https:\/\/yoast.com\/wordpress\/plugins\/seo\/ -->\n<title>Hoeveel Zuurstofplanten in mijn Vijver? | Zuurstofplanten<\/title>\n<meta name=\"description\" content=\"Hoeveel zuurstofplanten in een vijver? Dit is een veelgestelde vraag waar geen vast antwoord op is te geven. Bekijk het rekenschema.\" \/>\n<meta name=\"robots\" content=\"index, follow, max-snippet:-1, max-image-preview:large, max-video-preview:-1\" \/>\n<link rel=\"canonical\" href=\"https:\/\/www.zuurstofplanten.net\/de\/wissensbasis\/wie-viele-sauerstoffpflanzen-in-einem-teich\/\" \/>\n<meta property=\"og:locale\" content=\"de_DE\" \/>\n<meta property=\"og:type\" content=\"article\" \/>\n<meta property=\"og:title\" content=\"Hoeveel Zuurstofplanten in mijn Vijver? | Zuurstofplanten\" \/>\n<meta property=\"og:description\" content=\"Hoeveel zuurstofplanten in een vijver? Dit is een veelgestelde vraag waar geen vast antwoord op is te geven. Bekijk het rekenschema.\" \/>\n<meta property=\"og:url\" content=\"https:\/\/www.zuurstofplanten.net\/de\/wissensbasis\/wie-viele-sauerstoffpflanzen-in-einem-teich\/\" \/>\n<meta property=\"og:site_name\" content=\"Zuurstofplanten.net\" \/>\n<meta property=\"article:modified_time\" content=\"2025-05-23T15:02:34+00:00\" \/>\n<meta name=\"twitter:card\" content=\"summary_large_image\" \/>\n<meta name=\"twitter:label1\" content=\"Gesch\u00e4tzte Lesezeit\" \/>\n\t<meta name=\"twitter:data1\" content=\"2\u00a0Minuten\" \/>\n<script type=\"application\/ld+json\" class=\"yoast-schema-graph\">{\"@context\":\"https:\/\/schema.org\",\"@graph\":[{\"@type\":\"WebPage\",\"@id\":\"https:\/\/www.zuurstofplanten.net\/kennisbank\/hoeveel-zuurstofplanten-in-een-vijver\/\",\"url\":\"https:\/\/www.zuurstofplanten.net\/kennisbank\/hoeveel-zuurstofplanten-in-een-vijver\/\",\"name\":\"Hoeveel Zuurstofplanten in mijn Vijver? | Zuurstofplanten\",\"isPartOf\":{\"@id\":\"https:\/\/www.zuurstofplanten.net\/#website\"},\"datePublished\":\"2024-10-09T10:25:05+00:00\",\"dateModified\":\"2025-05-23T15:02:34+00:00\",\"description\":\"Hoeveel zuurstofplanten in een vijver? Dit is een veelgestelde vraag waar geen vast antwoord op is te geven. Bekijk het rekenschema.\",\"breadcrumb\":{\"@id\":\"https:\/\/www.zuurstofplanten.net\/kennisbank\/hoeveel-zuurstofplanten-in-een-vijver\/#breadcrumb\"},\"inLanguage\":\"de\",\"potentialAction\":[{\"@type\":\"ReadAction\",\"target\":[\"https:\/\/www.zuurstofplanten.net\/kennisbank\/hoeveel-zuurstofplanten-in-een-vijver\/\"]}]},{\"@type\":\"BreadcrumbList\",\"@id\":\"https:\/\/www.zuurstofplanten.net\/kennisbank\/hoeveel-zuurstofplanten-in-een-vijver\/#breadcrumb\",\"itemListElement\":[{\"@type\":\"ListItem\",\"position\":1,\"name\":\"Home\",\"item\":\"https:\/\/www.zuurstofplanten.net\/\"},{\"@type\":\"ListItem\",\"position\":2,\"name\":\"Kennisbank\",\"item\":\"https:\/\/www.zuurstofplanten.net\/kennisbank\/\"},{\"@type\":\"ListItem\",\"position\":3,\"name\":\"Hoeveel Zuurstofplanten in Vijver?\"}]},{\"@type\":\"WebSite\",\"@id\":\"https:\/\/www.zuurstofplanten.net\/#website\",\"url\":\"https:\/\/www.zuurstofplanten.net\/\",\"name\":\"Zuurstofplanten.net\",\"description\":\"\",\"publisher\":{\"@id\":\"https:\/\/www.zuurstofplanten.net\/#organization\"},\"potentialAction\":[{\"@type\":\"SearchAction\",\"target\":{\"@type\":\"EntryPoint\",\"urlTemplate\":\"https:\/\/www.zuurstofplanten.net\/?s={search_term_string}\"},\"query-input\":{\"@type\":\"PropertyValueSpecification\",\"valueRequired\":true,\"valueName\":\"search_term_string\"}}],\"inLanguage\":\"de\"},{\"@type\":\"Organization\",\"@id\":\"https:\/\/www.zuurstofplanten.net\/#organization\",\"name\":\"Zuurstofplanten.net\",\"url\":\"https:\/\/www.zuurstofplanten.net\/\",\"logo\":{\"@type\":\"ImageObject\",\"inLanguage\":\"de\",\"@id\":\"https:\/\/www.zuurstofplanten.net\/#\/schema\/logo\/image\/\",\"url\":\"https:\/\/www.zuurstofplanten.net\/wp-content\/uploads\/2024\/10\/zuurstofplanten-logo-1.jpg\",\"contentUrl\":\"https:\/\/www.zuurstofplanten.net\/wp-content\/uploads\/2024\/10\/zuurstofplanten-logo-1.jpg\",\"width\":180,\"height\":60,\"caption\":\"Zuurstofplanten.net\"},\"image\":{\"@id\":\"https:\/\/www.zuurstofplanten.net\/#\/schema\/logo\/image\/\"}}]}<\/script>\n<!-- \/ Yoast SEO plugin. -->","yoast_head_json":{"title":"Wie viele Sauerstoffpflanzen in meinem Teich | Sauerstoffpflanzen","description":"Wie viele Sauerstoffpflanzen in einem Teich? Dies ist eine h\u00e4ufig gestellte Frage, auf die es keine feste Antwort gibt. Werfen Sie einen Blick auf die Berechnungstabelle.","robots":{"index":"index","follow":"follow","max-snippet":"max-snippet:-1","max-image-preview":"max-image-preview:large","max-video-preview":"max-video-preview:-1"},"canonical":"https:\/\/www.zuurstofplanten.net\/de\/wissensbasis\/wie-viele-sauerstoffpflanzen-in-einem-teich\/","og_locale":"de_DE","og_type":"article","og_title":"Hoeveel Zuurstofplanten in mijn Vijver? | Zuurstofplanten","og_description":"Hoeveel zuurstofplanten in een vijver? Dit is een veelgestelde vraag waar geen vast antwoord op is te geven. Bekijk het rekenschema.","og_url":"https:\/\/www.zuurstofplanten.net\/de\/wissensbasis\/wie-viele-sauerstoffpflanzen-in-einem-teich\/","og_site_name":"Zuurstofplanten.net","article_modified_time":"2025-05-23T15:02:34+00:00","twitter_card":"summary_large_image","twitter_misc":{"Gesch\u00e4tzte Lesezeit":"2\u00a0Minuten"},"schema":{"@context":"https:\/\/schema.org","@graph":[{"@type":"WebPage","@id":"https:\/\/www.zuurstofplanten.net\/kennisbank\/hoeveel-zuurstofplanten-in-een-vijver\/","url":"https:\/\/www.zuurstofplanten.net\/kennisbank\/hoeveel-zuurstofplanten-in-een-vijver\/","name":"Wie viele Sauerstoffpflanzen in meinem Teich | Sauerstoffpflanzen","isPartOf":{"@id":"https:\/\/www.zuurstofplanten.net\/#website"},"datePublished":"2024-10-09T10:25:05+00:00","dateModified":"2025-05-23T15:02:34+00:00","description":"Wie viele Sauerstoffpflanzen in einem Teich? Dies ist eine h\u00e4ufig gestellte Frage, auf die es keine feste Antwort gibt. Werfen Sie einen Blick auf die Berechnungstabelle.","breadcrumb":{"@id":"https:\/\/www.zuurstofplanten.net\/kennisbank\/hoeveel-zuurstofplanten-in-een-vijver\/#breadcrumb"},"inLanguage":"de","potentialAction":[{"@type":"ReadAction","target":["https:\/\/www.zuurstofplanten.net\/kennisbank\/hoeveel-zuurstofplanten-in-een-vijver\/"]}]},{"@type":"BreadcrumbList","@id":"https:\/\/www.zuurstofplanten.net\/kennisbank\/hoeveel-zuurstofplanten-in-een-vijver\/#breadcrumb","itemListElement":[{"@type":"ListItem","position":1,"name":"Home","item":"https:\/\/www.zuurstofplanten.net\/"},{"@type":"ListItem","position":2,"name":"Kennisbank","item":"https:\/\/www.zuurstofplanten.net\/kennisbank\/"},{"@type":"ListItem","position":3,"name":"Hoeveel Zuurstofplanten in Vijver?"}]},{"@type":"WebSite","@id":"https:\/\/www.zuurstofplanten.net\/#website","url":"https:\/\/www.zuurstofplanten.net\/","name":"Zuurstofplanten.net","description":"","publisher":{"@id":"https:\/\/www.zuurstofplanten.net\/#organization"},"potentialAction":[{"@type":"SearchAction","target":{"@type":"EntryPoint","urlTemplate":"https:\/\/www.zuurstofplanten.net\/?s={search_term_string}"},"query-input":{"@type":"PropertyValueSpecification","valueRequired":true,"valueName":"search_term_string"}}],"inLanguage":"de"},{"@type":"Organization","@id":"https:\/\/www.zuurstofplanten.net\/#organization","name":"Zuurstofplanten.net","url":"https:\/\/www.zuurstofplanten.net\/","logo":{"@type":"ImageObject","inLanguage":"de","@id":"https:\/\/www.zuurstofplanten.net\/#\/schema\/logo\/image\/","url":"https:\/\/www.zuurstofplanten.net\/wp-content\/uploads\/2024\/10\/zuurstofplanten-logo-1.jpg","contentUrl":"https:\/\/www.zuurstofplanten.net\/wp-content\/uploads\/2024\/10\/zuurstofplanten-logo-1.jpg","width":180,"height":60,"caption":"Zuurstofplanten.net"},"image":{"@id":"https:\/\/www.zuurstofplanten.net\/#\/schema\/logo\/image\/"}}]}},"_links":{"self":[{"href":"https:\/\/www.zuurstofplanten.net\/de\/wp-json\/wp\/v2\/pages\/25"}],"collection":[{"href":"https:\/\/www.zuurstofplanten.net\/de\/wp-json\/wp\/v2\/pages"}],"about":[{"href":"https:\/\/www.zuurstofplanten.net\/de\/wp-json\/wp\/v2\/types\/page"}],"author":[{"embeddable":true,"href":"https:\/\/www.zuurstofplanten.net\/de\/wp-json\/wp\/v2\/users\/4"}],"replies":[{"embeddable":true,"href":"https:\/\/www.zuurstofplanten.net\/de\/wp-json\/wp\/v2\/comments?post=25"}],"version-history":[{"count":35,"href":"https:\/\/www.zuurstofplanten.net\/de\/wp-json\/wp\/v2\/pages\/25\/revisions"}],"predecessor-version":[{"id":1962,"href":"https:\/\/www.zuurstofplanten.net\/de\/wp-json\/wp\/v2\/pages\/25\/revisions\/1962"}],"up":[{"embeddable":true,"href":"https:\/\/www.zuurstofplanten.net\/de\/wp-json\/wp\/v2\/pages\/11"}],"wp:attachment":[{"href":"https:\/\/www.zuurstofplanten.net\/de\/wp-json\/wp\/v2\/media?parent=25"}],"curies":[{"name":"wp","href":"https:\/\/api.w.org\/{rel}","templated":true}]}}