{"id":11,"date":"2024-10-09T09:49:12","date_gmt":"2024-10-09T09:49:12","guid":{"rendered":"https:\/\/baselinkhosting.nl\/zuurstofplanten\/?page_id=11"},"modified":"2025-06-04T08:18:33","modified_gmt":"2025-06-04T08:18:33","slug":"wissensbasis","status":"publish","type":"page","link":"https:\/\/www.zuurstofplanten.net\/de\/wissensbasis\/","title":{"rendered":"Wissensbasis"},"content":{"rendered":"<div data-elementor-type=\"wp-page\" data-elementor-id=\"11\" class=\"elementor elementor-11\" data-elementor-post-type=\"page\">\n\t\t\t\t<div class=\"elementor-element elementor-element-f88671e e-flex e-con-boxed e-con e-parent\" data-id=\"f88671e\" data-element_type=\"container\" data-e-type=\"container\" data-settings=\"{&quot;background_background&quot;:&quot;classic&quot;}\">\n\t\t\t\t\t<div class=\"e-con-inner\">\n\t\t\t\t<div class=\"elementor-element elementor-element-8890f17 elementor-widget elementor-widget-heading\" data-id=\"8890f17\" data-element_type=\"widget\" data-e-type=\"widget\" data-widget_type=\"heading.default\">\n\t\t\t\t<div class=\"elementor-widget-container\">\n\t\t\t\t\t<h1 class=\"elementor-heading-title elementor-size-default\">Wissensbasis<\/h1>\t\t\t\t<\/div>\n\t\t\t\t<\/div>\n\t\t\t\t<div class=\"elementor-element elementor-element-92f637c elementor-widget elementor-widget-breadcrumbs\" data-id=\"92f637c\" data-element_type=\"widget\" data-e-type=\"widget\" data-widget_type=\"breadcrumbs.default\">\n\t\t\t\t<div class=\"elementor-widget-container\">\n\t\t\t\t\t<p id=\"breadcrumbs\"><span><span><a href=\"https:\/\/www.zuurstofplanten.net\/de\/\">Startseite<\/a><\/span><\/span><\/p>\t\t\t\t<\/div>\n\t\t\t\t<\/div>\n\t\t\t\t\t<\/div>\n\t\t\t\t<\/div>\n\t\t<div class=\"elementor-element elementor-element-906f246 e-flex e-con-boxed e-con e-parent\" data-id=\"906f246\" data-element_type=\"container\" data-e-type=\"container\">\n\t\t\t\t\t<div class=\"e-con-inner\">\n\t\t\t\t<div class=\"elementor-element elementor-element-befc493 elementor-widget elementor-widget-text-editor\" data-id=\"befc493\" data-element_type=\"widget\" data-e-type=\"widget\" data-widget_type=\"text-editor.default\">\n\t\t\t\t<div class=\"elementor-widget-container\">\n\t\t\t\t\t\t\t\t\t<p>Sie m\u00f6chten mehr Informationen \u00fcber die Bepflanzung Ihres Teiches. In unserem Wissenszentrum finden Sie alles, was Sie \u00fcber Sauerstoffpflanzen, Uferpflanzen, Schwimmpflanzen und Sumpfpflanzen wissen m\u00fcssen. Hier finden Sie Pflanztipps, aber schauen Sie sich zum Beispiel auch unseren Schritt-f\u00fcr-Schritt-Pflanzplan an, in dem wir die Bepflanzung Schritt f\u00fcr Schritt erkl\u00e4ren.<\/p>\t\t\t\t\t\t\t\t<\/div>\n\t\t\t\t<\/div>\n\t\t\t\t\t<\/div>\n\t\t\t\t<\/div>\n\t\t<div class=\"elementor-element elementor-element-055e7af e-flex e-con-boxed e-con e-parent\" data-id=\"055e7af\" data-element_type=\"container\" data-e-type=\"container\">\n\t\t\t\t\t<div class=\"e-con-inner\">\n\t\t<div class=\"elementor-element elementor-element-a6027a5 e-con-full e-flex e-con e-child\" data-id=\"a6027a5\" data-element_type=\"container\" data-e-type=\"container\">\n\t\t\t\t<div class=\"elementor-element elementor-element-dc09df3 elementor-widget elementor-widget-image\" data-id=\"dc09df3\" data-element_type=\"widget\" data-e-type=\"widget\" data-widget_type=\"image.default\">\n\t\t\t\t<div class=\"elementor-widget-container\">\n\t\t\t\t\t\t\t\t\t\t\t\t\t\t\t<img fetchpriority=\"high\" decoding=\"async\" width=\"300\" height=\"300\" src=\"https:\/\/www.zuurstofplanten.net\/wp-content\/uploads\/2024\/10\/Absolute_Reality_v16_Een_traditionele_waterbehandelingsinstall_3-1-1-300x300.jpg\" class=\"attachment-medium size-medium wp-image-494\" alt=\"\" srcset=\"https:\/\/www.zuurstofplanten.net\/wp-content\/uploads\/2024\/10\/Absolute_Reality_v16_Een_traditionele_waterbehandelingsinstall_3-1-1-300x300.jpg 300w, https:\/\/www.zuurstofplanten.net\/wp-content\/uploads\/2024\/10\/Absolute_Reality_v16_Een_traditionele_waterbehandelingsinstall_3-1-1-150x150.jpg 150w, https:\/\/www.zuurstofplanten.net\/wp-content\/uploads\/2024\/10\/Absolute_Reality_v16_Een_traditionele_waterbehandelingsinstall_3-1-1-768x768.jpg 768w, https:\/\/www.zuurstofplanten.net\/wp-content\/uploads\/2024\/10\/Absolute_Reality_v16_Een_traditionele_waterbehandelingsinstall_3-1-1.jpg 1024w\" sizes=\"(max-width: 300px) 100vw, 300px\" \/>\t\t\t\t\t\t\t\t\t\t\t\t\t\t\t<\/div>\n\t\t\t\t<\/div>\n\t\t\t\t<\/div>\n\t\t<div class=\"elementor-element elementor-element-17de5b6 e-con-full e-flex e-con e-child\" data-id=\"17de5b6\" data-element_type=\"container\" data-e-type=\"container\">\n\t\t\t\t<div class=\"elementor-element elementor-element-8b1b470 elementor-widget elementor-widget-heading\" data-id=\"8b1b470\" data-element_type=\"widget\" data-e-type=\"widget\" data-widget_type=\"heading.default\">\n\t\t\t\t<div class=\"elementor-widget-container\">\n\t\t\t\t\t<h2 class=\"elementor-heading-title elementor-size-default\">Teichpflege<\/h2>\t\t\t\t<\/div>\n\t\t\t\t<\/div>\n\t\t\t\t<div class=\"elementor-element elementor-element-c4e879b elementor-widget elementor-widget-text-editor\" data-id=\"c4e879b\" data-element_type=\"widget\" data-e-type=\"widget\" data-widget_type=\"text-editor.default\">\n\t\t\t\t<div class=\"elementor-widget-container\">\n\t\t\t\t\t\t\t\t\t<p>Die richtige Pflege Ihres Teiches ist wichtig, um zuk\u00fcnftige Probleme zu vermeiden. In den folgenden Artikeln erfahren Sie mehr dar\u00fcber, wie Sie zum Beispiel Fadenalgen bek\u00e4mpfen k\u00f6nnen.<\/p><ul><li><a href=\"https:\/\/www.zuurstofplanten.net\/de\/wissensbasis\/entschlammung-von-teichen\/\">Beseitigung von Teichschlamm<\/a><\/li><li><a href=\"https:\/\/www.zuurstofplanten.net\/de\/wissensbasis\/bekampfung-von-trageralgen\/\">Bek\u00e4mpfung von Fadenalgen<\/a><\/li><\/ul>\t\t\t\t\t\t\t\t<\/div>\n\t\t\t\t<\/div>\n\t\t\t\t<\/div>\n\t\t\t\t\t<\/div>\n\t\t\t\t<\/div>\n\t\t<div class=\"elementor-element elementor-element-78ec257 e-flex e-con-boxed e-con e-parent\" data-id=\"78ec257\" data-element_type=\"container\" data-e-type=\"container\">\n\t\t\t\t\t<div class=\"e-con-inner\">\n\t\t<div class=\"elementor-element elementor-element-121b740 e-con-full e-flex e-con e-child\" data-id=\"121b740\" data-element_type=\"container\" data-e-type=\"container\">\n\t\t\t\t<div class=\"elementor-element elementor-element-3e0bf8a elementor-widget elementor-widget-image\" data-id=\"3e0bf8a\" data-element_type=\"widget\" data-e-type=\"widget\" data-widget_type=\"image.default\">\n\t\t\t\t<div class=\"elementor-widget-container\">\n\t\t\t\t\t\t\t\t\t\t\t\t\t\t\t<img decoding=\"async\" width=\"300\" height=\"300\" src=\"https:\/\/www.zuurstofplanten.net\/wp-content\/uploads\/2024\/10\/tyreps-aan-mandje-2-1-e1729694164276-300x300.jpg\" class=\"attachment-medium size-medium wp-image-274\" alt=\"\" srcset=\"https:\/\/www.zuurstofplanten.net\/wp-content\/uploads\/2024\/10\/tyreps-aan-mandje-2-1-e1729694164276-300x300.jpg 300w, https:\/\/www.zuurstofplanten.net\/wp-content\/uploads\/2024\/10\/tyreps-aan-mandje-2-1-e1729694164276-150x150.jpg 150w, https:\/\/www.zuurstofplanten.net\/wp-content\/uploads\/2024\/10\/tyreps-aan-mandje-2-1-e1729694164276.jpg 533w\" sizes=\"(max-width: 300px) 100vw, 300px\" \/>\t\t\t\t\t\t\t\t\t\t\t\t\t\t\t<\/div>\n\t\t\t\t<\/div>\n\t\t\t\t<\/div>\n\t\t<div class=\"elementor-element elementor-element-a6ebc31 e-con-full e-flex e-con e-child\" data-id=\"a6ebc31\" data-element_type=\"container\" data-e-type=\"container\">\n\t\t\t\t<div class=\"elementor-element elementor-element-6773b3f elementor-widget elementor-widget-heading\" data-id=\"6773b3f\" data-element_type=\"widget\" data-e-type=\"widget\" data-widget_type=\"heading.default\">\n\t\t\t\t<div class=\"elementor-widget-container\">\n\t\t\t\t\t<h2 class=\"elementor-heading-title elementor-size-default\">Anpflanzen von Teichpflanzen<\/h2>\t\t\t\t<\/div>\n\t\t\t\t<\/div>\n\t\t\t\t<div class=\"elementor-element elementor-element-d543b42 elementor-widget elementor-widget-text-editor\" data-id=\"d543b42\" data-element_type=\"widget\" data-e-type=\"widget\" data-widget_type=\"text-editor.default\">\n\t\t\t\t<div class=\"elementor-widget-container\">\n\t\t\t\t\t\t\t\t\t<p>Der richtige Einbau von Sauerstoffpflanzen ist f\u00fcr eine gesunde Wasserumgebung unerl\u00e4sslich, da sie f\u00fcr die Sauerstoffproduktion sorgen, die Algenbildung verhindern und ein stabiles \u00d6kosystem unterst\u00fctzen. So bleibt das Wasser klar und gesund f\u00fcr Flora und Fauna. Nachstehend finden Sie unter anderem einen praktischen Schritt-f\u00fcr-Schritt-Plan.<\/p><ul><li><a href=\"https:\/\/www.zuurstofplanten.net\/de\/wissensbasis\/teichpflanzen\/\">Teichbepflanzung | Ein Fahrplan<\/a><\/li><li><a href=\"https:\/\/www.zuurstofplanten.net\/de\/wissensbasis\/wie-viele-sauerstoffpflanzen-in-einem-teich\/\">Anzahl der Teichpflanzen im Teich Berechnen<\/a><\/li><\/ul>\t\t\t\t\t\t\t\t<\/div>\n\t\t\t\t<\/div>\n\t\t\t\t<\/div>\n\t\t\t\t\t<\/div>\n\t\t\t\t<\/div>\n\t\t<div class=\"elementor-element elementor-element-3840c53 e-flex e-con-boxed e-con e-parent\" data-id=\"3840c53\" data-element_type=\"container\" data-e-type=\"container\">\n\t\t\t\t\t<div class=\"e-con-inner\">\n\t\t<div class=\"elementor-element elementor-element-a01dd90 e-con-full e-flex e-con e-child\" data-id=\"a01dd90\" data-element_type=\"container\" data-e-type=\"container\">\n\t\t\t\t<div class=\"elementor-element elementor-element-16c4b51 elementor-widget elementor-widget-image\" data-id=\"16c4b51\" data-element_type=\"widget\" data-e-type=\"widget\" data-widget_type=\"image.default\">\n\t\t\t\t<div class=\"elementor-widget-container\">\n\t\t\t\t\t\t\t\t\t\t\t\t\t\t\t<img decoding=\"async\" width=\"300\" height=\"300\" src=\"https:\/\/www.zuurstofplanten.net\/wp-content\/uploads\/2024\/10\/snoekkruid-e1729694462480-300x300.jpg\" class=\"attachment-medium size-medium wp-image-245\" alt=\"\" srcset=\"https:\/\/www.zuurstofplanten.net\/wp-content\/uploads\/2024\/10\/snoekkruid-e1729694462480-300x300.jpg 300w, https:\/\/www.zuurstofplanten.net\/wp-content\/uploads\/2024\/10\/snoekkruid-e1729694462480-150x150.jpg 150w, https:\/\/www.zuurstofplanten.net\/wp-content\/uploads\/2024\/10\/snoekkruid-e1729694462480.jpg 430w\" sizes=\"(max-width: 300px) 100vw, 300px\" \/>\t\t\t\t\t\t\t\t\t\t\t\t\t\t\t<\/div>\n\t\t\t\t<\/div>\n\t\t\t\t<\/div>\n\t\t<div class=\"elementor-element elementor-element-3398550 e-con-full e-flex e-con e-child\" data-id=\"3398550\" data-element_type=\"container\" data-e-type=\"container\">\n\t\t\t\t<div class=\"elementor-element elementor-element-222d520 elementor-widget elementor-widget-heading\" data-id=\"222d520\" data-element_type=\"widget\" data-e-type=\"widget\" data-widget_type=\"heading.default\">\n\t\t\t\t<div class=\"elementor-widget-container\">\n\t\t\t\t\t<h2 class=\"elementor-heading-title elementor-size-default\">H\u00e4ufig gestellte Fragen<\/h2>\t\t\t\t<\/div>\n\t\t\t\t<\/div>\n\t\t\t\t<div class=\"elementor-element elementor-element-708392c elementor-widget elementor-widget-text-editor\" data-id=\"708392c\" data-element_type=\"widget\" data-e-type=\"widget\" data-widget_type=\"text-editor.default\">\n\t\t\t\t<div class=\"elementor-widget-container\">\n\t\t\t\t\t\t\t\t\t<ul><li><a href=\"https:\/\/www.zuurstofplanten.net\/de\/wissensbasis\/sauerstoffhaltige-wasserpflanzen\/\">Welche Teichpflanzen sind sauerstoffproduzierend?<\/a><\/li><li><a href=\"https:\/\/www.zuurstofplanten.net\/de\/wissensbasis\/welche-wasserpflanzen-winterhart-sind\/\">Welche Wasserpflanzen sind winterhart?<\/a><\/li><li><a href=\"https:\/\/www.zuurstofplanten.net\/de\/wissensbasis\/wie-viele-sauerstoffpflanzen-in-einem-teich\/\">Wie viele Sauerstoffpflanzen sollten in meinem Teich sein?<\/a><\/li><li><a href=\"https:\/\/www.zuurstofplanten.net\/de\/wissensbasis\/pflanztiefe-von-sauerstoffpflanzen\/\">In welcher Tiefe sollte ich bewurzelnde Arten pflanzen?<\/a><\/li><li><a href=\"https:\/\/www.zuurstofplanten.net\/de\/wissensbasis\/welche-sauerstoffpflanzen-haben-bluten\/\">Welche Sauerstoffpflanzen haben Bl\u00fcten?<\/a><\/li><li><a href=\"https:\/\/www.zuurstofplanten.net\/de\/projekte\/anpflanzung-von-sauerstoffpflanzen\/\">Wie bringe ich Sauerstoffpflanzen in den Teich?<\/a><\/li><\/ul>\t\t\t\t\t\t\t\t<\/div>\n\t\t\t\t<\/div>\n\t\t\t\t<\/div>\n\t\t\t\t\t<\/div>\n\t\t\t\t<\/div>\n\t\t\t\t<\/div>","protected":false},"excerpt":{"rendered":"<p>Wissensdatenbank Sie m\u00f6chten mehr Informationen, wenn Sie Pflanzen in Ihrem Teich einsetzen. In unserem Wissenszentrum finden Sie alles, was Sie \u00fcber Sauerstoffpflanzen, Uferpflanzen, Schwimmpflanzen und Sumpfpflanzen wissen m\u00fcssen. Hier finden Sie Pflanztipps, aber schauen Sie sich zum Beispiel auch unseren Schritt-f\u00fcr-Schritt-Pflanzplan an, in dem wir die Bepflanzung Schritt f\u00fcr Schritt erkl\u00e4ren. Teichpflege Gute Pflege Ihres Teiches [...]<\/p>","protected":false},"author":4,"featured_media":0,"parent":0,"menu_order":2,"comment_status":"closed","ping_status":"closed","template":"","meta":{"_acf_changed":false,"iawp_total_views":178,"footnotes":""},"class_list":["post-11","page","type-page","status-publish","hentry"],"acf":[],"yoast_head":"<!-- This site is optimized with the Yoast SEO plugin v25.5 - https:\/\/yoast.com\/wordpress\/plugins\/seo\/ -->\n<title>Veelgestelde Vragen | Zuurstofplanten.net<\/title>\n<meta name=\"robots\" content=\"index, follow, max-snippet:-1, max-image-preview:large, max-video-preview:-1\" \/>\n<link rel=\"canonical\" href=\"https:\/\/www.zuurstofplanten.net\/de\/wissensbasis\/\" \/>\n<meta property=\"og:locale\" content=\"de_DE\" \/>\n<meta property=\"og:type\" content=\"article\" \/>\n<meta property=\"og:title\" content=\"Veelgestelde Vragen | Zuurstofplanten.net\" \/>\n<meta property=\"og:description\" content=\"Kennisbank Wilt u meer informatie bij de aanleg van planten in uw vijver. In ons kenniscentrum kunt u alles vinden over zuurstofplanten, oeverplanten, drijfplanten en moerasplanten. Hier vind u tips voor het aanplanten, maar bekijk bijvoorbeeld ook eens ons stappenplan, waarin we stap voor stap uitleg geven over de aanplanting. Vijveronderhoud Goed onderhoud van uw [&hellip;]\" \/>\n<meta property=\"og:url\" content=\"https:\/\/www.zuurstofplanten.net\/de\/wissensbasis\/\" \/>\n<meta property=\"og:site_name\" content=\"Zuurstofplanten.net\" \/>\n<meta property=\"article:modified_time\" content=\"2025-06-04T08:18:33+00:00\" \/>\n<meta property=\"og:image\" content=\"https:\/\/www.zuurstofplanten.net\/wp-content\/uploads\/2024\/10\/Absolute_Reality_v16_Een_traditionele_waterbehandelingsinstall_3-1-1.jpg\" \/>\n\t<meta property=\"og:image:width\" content=\"1024\" \/>\n\t<meta property=\"og:image:height\" content=\"1024\" \/>\n\t<meta property=\"og:image:type\" content=\"image\/jpeg\" \/>\n<meta name=\"twitter:card\" content=\"summary_large_image\" \/>\n<meta name=\"twitter:label1\" content=\"Gesch\u00e4tzte Lesezeit\" \/>\n\t<meta name=\"twitter:data1\" content=\"2\u00a0Minuten\" \/>\n<script type=\"application\/ld+json\" class=\"yoast-schema-graph\">{\"@context\":\"https:\/\/schema.org\",\"@graph\":[{\"@type\":\"WebPage\",\"@id\":\"https:\/\/www.zuurstofplanten.net\/kennisbank\/\",\"url\":\"https:\/\/www.zuurstofplanten.net\/kennisbank\/\",\"name\":\"Veelgestelde Vragen | Zuurstofplanten.net\",\"isPartOf\":{\"@id\":\"https:\/\/www.zuurstofplanten.net\/#website\"},\"primaryImageOfPage\":{\"@id\":\"https:\/\/www.zuurstofplanten.net\/kennisbank\/#primaryimage\"},\"image\":{\"@id\":\"https:\/\/www.zuurstofplanten.net\/kennisbank\/#primaryimage\"},\"thumbnailUrl\":\"https:\/\/www.zuurstofplanten.net\/wp-content\/uploads\/2024\/10\/Absolute_Reality_v16_Een_traditionele_waterbehandelingsinstall_3-1-1-300x300.jpg\",\"datePublished\":\"2024-10-09T09:49:12+00:00\",\"dateModified\":\"2025-06-04T08:18:33+00:00\",\"breadcrumb\":{\"@id\":\"https:\/\/www.zuurstofplanten.net\/kennisbank\/#breadcrumb\"},\"inLanguage\":\"de\",\"potentialAction\":[{\"@type\":\"ReadAction\",\"target\":[\"https:\/\/www.zuurstofplanten.net\/kennisbank\/\"]}]},{\"@type\":\"ImageObject\",\"inLanguage\":\"de\",\"@id\":\"https:\/\/www.zuurstofplanten.net\/kennisbank\/#primaryimage\",\"url\":\"https:\/\/www.zuurstofplanten.net\/wp-content\/uploads\/2024\/10\/Absolute_Reality_v16_Een_traditionele_waterbehandelingsinstall_3-1-1-300x300.jpg\",\"contentUrl\":\"https:\/\/www.zuurstofplanten.net\/wp-content\/uploads\/2024\/10\/Absolute_Reality_v16_Een_traditionele_waterbehandelingsinstall_3-1-1-300x300.jpg\"},{\"@type\":\"BreadcrumbList\",\"@id\":\"https:\/\/www.zuurstofplanten.net\/kennisbank\/#breadcrumb\",\"itemListElement\":[{\"@type\":\"ListItem\",\"position\":1,\"name\":\"Home\",\"item\":\"https:\/\/www.zuurstofplanten.net\/\"},{\"@type\":\"ListItem\",\"position\":2,\"name\":\"Kennisbank\"}]},{\"@type\":\"WebSite\",\"@id\":\"https:\/\/www.zuurstofplanten.net\/#website\",\"url\":\"https:\/\/www.zuurstofplanten.net\/\",\"name\":\"Zuurstofplanten.net\",\"description\":\"\",\"publisher\":{\"@id\":\"https:\/\/www.zuurstofplanten.net\/#organization\"},\"potentialAction\":[{\"@type\":\"SearchAction\",\"target\":{\"@type\":\"EntryPoint\",\"urlTemplate\":\"https:\/\/www.zuurstofplanten.net\/?s={search_term_string}\"},\"query-input\":{\"@type\":\"PropertyValueSpecification\",\"valueRequired\":true,\"valueName\":\"search_term_string\"}}],\"inLanguage\":\"de\"},{\"@type\":\"Organization\",\"@id\":\"https:\/\/www.zuurstofplanten.net\/#organization\",\"name\":\"Zuurstofplanten.net\",\"url\":\"https:\/\/www.zuurstofplanten.net\/\",\"logo\":{\"@type\":\"ImageObject\",\"inLanguage\":\"de\",\"@id\":\"https:\/\/www.zuurstofplanten.net\/#\/schema\/logo\/image\/\",\"url\":\"https:\/\/www.zuurstofplanten.net\/wp-content\/uploads\/2024\/10\/zuurstofplanten-logo-1.jpg\",\"contentUrl\":\"https:\/\/www.zuurstofplanten.net\/wp-content\/uploads\/2024\/10\/zuurstofplanten-logo-1.jpg\",\"width\":180,\"height\":60,\"caption\":\"Zuurstofplanten.net\"},\"image\":{\"@id\":\"https:\/\/www.zuurstofplanten.net\/#\/schema\/logo\/image\/\"}}]}<\/script>\n<!-- \/ Yoast SEO plugin. -->","yoast_head_json":{"title":"H\u00e4ufig gestellte Fragen | Oxygenplants.net","robots":{"index":"index","follow":"follow","max-snippet":"max-snippet:-1","max-image-preview":"max-image-preview:large","max-video-preview":"max-video-preview:-1"},"canonical":"https:\/\/www.zuurstofplanten.net\/de\/wissensbasis\/","og_locale":"de_DE","og_type":"article","og_title":"Veelgestelde Vragen | Zuurstofplanten.net","og_description":"Kennisbank Wilt u meer informatie bij de aanleg van planten in uw vijver. In ons kenniscentrum kunt u alles vinden over zuurstofplanten, oeverplanten, drijfplanten en moerasplanten. Hier vind u tips voor het aanplanten, maar bekijk bijvoorbeeld ook eens ons stappenplan, waarin we stap voor stap uitleg geven over de aanplanting. Vijveronderhoud Goed onderhoud van uw [&hellip;]","og_url":"https:\/\/www.zuurstofplanten.net\/de\/wissensbasis\/","og_site_name":"Zuurstofplanten.net","article_modified_time":"2025-06-04T08:18:33+00:00","og_image":[{"width":1024,"height":1024,"url":"https:\/\/www.zuurstofplanten.net\/wp-content\/uploads\/2024\/10\/Absolute_Reality_v16_Een_traditionele_waterbehandelingsinstall_3-1-1.jpg","type":"image\/jpeg"}],"twitter_card":"summary_large_image","twitter_misc":{"Gesch\u00e4tzte Lesezeit":"2\u00a0Minuten"},"schema":{"@context":"https:\/\/schema.org","@graph":[{"@type":"WebPage","@id":"https:\/\/www.zuurstofplanten.net\/kennisbank\/","url":"https:\/\/www.zuurstofplanten.net\/kennisbank\/","name":"H\u00e4ufig gestellte Fragen | Oxygenplants.net","isPartOf":{"@id":"https:\/\/www.zuurstofplanten.net\/#website"},"primaryImageOfPage":{"@id":"https:\/\/www.zuurstofplanten.net\/kennisbank\/#primaryimage"},"image":{"@id":"https:\/\/www.zuurstofplanten.net\/kennisbank\/#primaryimage"},"thumbnailUrl":"https:\/\/www.zuurstofplanten.net\/wp-content\/uploads\/2024\/10\/Absolute_Reality_v16_Een_traditionele_waterbehandelingsinstall_3-1-1-300x300.jpg","datePublished":"2024-10-09T09:49:12+00:00","dateModified":"2025-06-04T08:18:33+00:00","breadcrumb":{"@id":"https:\/\/www.zuurstofplanten.net\/kennisbank\/#breadcrumb"},"inLanguage":"de","potentialAction":[{"@type":"ReadAction","target":["https:\/\/www.zuurstofplanten.net\/kennisbank\/"]}]},{"@type":"ImageObject","inLanguage":"de","@id":"https:\/\/www.zuurstofplanten.net\/kennisbank\/#primaryimage","url":"https:\/\/www.zuurstofplanten.net\/wp-content\/uploads\/2024\/10\/Absolute_Reality_v16_Een_traditionele_waterbehandelingsinstall_3-1-1-300x300.jpg","contentUrl":"https:\/\/www.zuurstofplanten.net\/wp-content\/uploads\/2024\/10\/Absolute_Reality_v16_Een_traditionele_waterbehandelingsinstall_3-1-1-300x300.jpg"},{"@type":"BreadcrumbList","@id":"https:\/\/www.zuurstofplanten.net\/kennisbank\/#breadcrumb","itemListElement":[{"@type":"ListItem","position":1,"name":"Home","item":"https:\/\/www.zuurstofplanten.net\/"},{"@type":"ListItem","position":2,"name":"Kennisbank"}]},{"@type":"WebSite","@id":"https:\/\/www.zuurstofplanten.net\/#website","url":"https:\/\/www.zuurstofplanten.net\/","name":"Zuurstofplanten.net","description":"","publisher":{"@id":"https:\/\/www.zuurstofplanten.net\/#organization"},"potentialAction":[{"@type":"SearchAction","target":{"@type":"EntryPoint","urlTemplate":"https:\/\/www.zuurstofplanten.net\/?s={search_term_string}"},"query-input":{"@type":"PropertyValueSpecification","valueRequired":true,"valueName":"search_term_string"}}],"inLanguage":"de"},{"@type":"Organization","@id":"https:\/\/www.zuurstofplanten.net\/#organization","name":"Zuurstofplanten.net","url":"https:\/\/www.zuurstofplanten.net\/","logo":{"@type":"ImageObject","inLanguage":"de","@id":"https:\/\/www.zuurstofplanten.net\/#\/schema\/logo\/image\/","url":"https:\/\/www.zuurstofplanten.net\/wp-content\/uploads\/2024\/10\/zuurstofplanten-logo-1.jpg","contentUrl":"https:\/\/www.zuurstofplanten.net\/wp-content\/uploads\/2024\/10\/zuurstofplanten-logo-1.jpg","width":180,"height":60,"caption":"Zuurstofplanten.net"},"image":{"@id":"https:\/\/www.zuurstofplanten.net\/#\/schema\/logo\/image\/"}}]}},"_links":{"self":[{"href":"https:\/\/www.zuurstofplanten.net\/de\/wp-json\/wp\/v2\/pages\/11"}],"collection":[{"href":"https:\/\/www.zuurstofplanten.net\/de\/wp-json\/wp\/v2\/pages"}],"about":[{"href":"https:\/\/www.zuurstofplanten.net\/de\/wp-json\/wp\/v2\/types\/page"}],"author":[{"embeddable":true,"href":"https:\/\/www.zuurstofplanten.net\/de\/wp-json\/wp\/v2\/users\/4"}],"replies":[{"embeddable":true,"href":"https:\/\/www.zuurstofplanten.net\/de\/wp-json\/wp\/v2\/comments?post=11"}],"version-history":[{"count":30,"href":"https:\/\/www.zuurstofplanten.net\/de\/wp-json\/wp\/v2\/pages\/11\/revisions"}],"predecessor-version":[{"id":2044,"href":"https:\/\/www.zuurstofplanten.net\/de\/wp-json\/wp\/v2\/pages\/11\/revisions\/2044"}],"wp:attachment":[{"href":"https:\/\/www.zuurstofplanten.net\/de\/wp-json\/wp\/v2\/media?parent=11"}],"curies":[{"name":"wp","href":"https:\/\/api.w.org\/{rel}","templated":true}]}}